{"id":19294,"date":"2024-12-11T23:10:48","date_gmt":"2024-12-11T20:10:48","guid":{"rendered":"https:\/\/kervanmagazacilik.com\/?post_type=product&#038;p=19294"},"modified":"2024-12-11T23:10:48","modified_gmt":"2024-12-11T20:10:48","slug":"759npt000021","status":"publish","type":"product","link":"https:\/\/kervanmagazacilik.com\/index.php\/urun\/759npt000021\/","title":{"rendered":"759NPT000021"},"content":{"rendered":"<p>759NPT000021<\/p>\n<p>AGRA 500 CC F\u0130L TA\u015eLI KOKU \u015e\u0130\u015eES\u0130 11X28 CM YE\u015e\u0130L<\/p>\n<p>\u015e\u0130\u015eEN\u0130N \u0130\u00c7ER\u0130S\u0130NE ESANS KOKU DOLDURULMALIDIR. DOLDURDUKTAN B\u0130R S\u00dcRE SONRA, SERAM\u0130K KOKU TA\u015eI ESANSI HIZLI OLARAK EMECEKT\u0130R. DAHA SONRA ESANSI EMME S\u00dcRES\u0130 ZAMANLA AZALACAKTIR. ESANS AZALINCA YEDEK ESANSLARIMIZDAN SATIN ALAB\u0130L\u0130RS\u0130N\u0130Z. \u00c7OK \u015eIK TASARIMI \u0130LE DEKORASYONUNUZDA VAZGE\u00c7\u0130LMEZ OLACAK.<\/p>\n","protected":false},"excerpt":{"rendered":"<p>759NPT000021 AGRA 500 CC F\u0130L TA\u015eLI KOKU \u015e\u0130\u015eES\u0130 11X28 CM YE\u015e\u0130L \u015e\u0130\u015eEN\u0130N \u0130\u00c7ER\u0130S\u0130NE ESANS KOKU DOLDURULMALIDIR. DOLDURDUKTAN B\u0130R S\u00dcRE SONRA, SERAM\u0130K KOKU TA\u015eI ESANSI HIZLI OLARAK EMECEKT\u0130R. DAHA SONRA ESANSI EMME S\u00dcRES\u0130 ZAMANLA AZALACAKTIR. ESANS AZALINCA YEDEK ESANSLARIMIZDAN SATIN ALAB\u0130L\u0130RS\u0130N\u0130Z. \u00c7OK \u015eIK TASARIMI \u0130LE DEKORASYONUNUZDA VAZGE\u00c7\u0130LMEZ OLACAK.<\/p>\n","protected":false},"featured_media":19295,"template":"","meta":[],"product_brand":[],"product_cat":[4407],"product_tag":[4421],"class_list":{"0":"post-19294","1":"product","2":"type-product","3":"status-publish","4":"has-post-thumbnail","6":"product_cat-759npt","7":"product_tag-759npt000021","9":"first","10":"instock","11":"taxable","12":"shipping-taxable","13":"product-type-simple"},"_links":{"self":[{"href":"https:\/\/kervanmagazacilik.com\/index.php\/wp-json\/wp\/v2\/product\/19294","targetHints":{"allow":["GET"]}}],"collection":[{"href":"https:\/\/kervanmagazacilik.com\/index.php\/wp-json\/wp\/v2\/product"}],"about":[{"href":"https:\/\/kervanmagazacilik.com\/index.php\/wp-json\/wp\/v2\/types\/product"}],"wp:featuredmedia":[{"embeddable":true,"href":"https:\/\/kervanmagazacilik.com\/index.php\/wp-json\/wp\/v2\/media\/19295"}],"wp:attachment":[{"href":"https:\/\/kervanmagazacilik.com\/index.php\/wp-json\/wp\/v2\/media?parent=19294"}],"wp:term":[{"taxonomy":"product_brand","embeddable":true,"href":"https:\/\/kervanmagazacilik.com\/index.php\/wp-json\/wp\/v2\/product_brand?post=19294"},{"taxonomy":"product_cat","embeddable":true,"href":"https:\/\/kervanmagazacilik.com\/index.php\/wp-json\/wp\/v2\/product_cat?post=19294"},{"taxonomy":"product_tag","embeddable":true,"href":"https:\/\/kervanmagazacilik.com\/index.php\/wp-json\/wp\/v2\/product_tag?post=19294"}],"curies":[{"name":"wp","href":"https:\/\/api.w.org\/{rel}","templated":true}]}}