{"id":19278,"date":"2024-12-11T23:01:19","date_gmt":"2024-12-11T20:01:19","guid":{"rendered":"https:\/\/kervanmagazacilik.com\/?post_type=product&#038;p=19278"},"modified":"2024-12-11T23:01:19","modified_gmt":"2024-12-11T20:01:19","slug":"759npt000015","status":"publish","type":"product","link":"https:\/\/kervanmagazacilik.com\/index.php\/urun\/759npt000015\/","title":{"rendered":"759NPT000015"},"content":{"rendered":"<p>759NPT000015<\/p>\n<p>CR\u0130STA KAPAKLI MUM 8X10 CM YE\u015e\u0130L<\/p>\n<p>Mum, ev dekorasyonunda her alanda kullan\u0131labilen i\u015flevsel bir e\u015fya niteli\u011fi ta\u015f\u0131r. K\u00fc\u00e7\u00fck ama etkisi b\u00fcy\u00fck olan mumlar, ya\u015fam alan\u0131n\u0131za zarif ve \u015f\u0131k bir g\u00f6r\u00fcnt\u00fc sunuyor. G\u00fcn\u00fcn yorgunlu\u011funu atmak istedi\u011finizde, huzurlu bir ortam yaratmak i\u00e7in mumlar\u0131m\u0131z\u0131 tercih edebilirsiniz. Zamanla mum bitti\u011finde, \u00fcr\u00fcn\u00fc dekoratif olarak kullanabilirsiniz ya da inci taneli mum tozu alarak kendiniz tekrar muma d\u00f6n\u00fc\u015ft\u00fcrebilirsiniz.<\/p>\n","protected":false},"excerpt":{"rendered":"<p>759NPT000015 CR\u0130STA KAPAKLI MUM 8X10 CM YE\u015e\u0130L Mum, ev dekorasyonunda her alanda kullan\u0131labilen i\u015flevsel bir e\u015fya niteli\u011fi ta\u015f\u0131r. K\u00fc\u00e7\u00fck ama etkisi b\u00fcy\u00fck olan mumlar, ya\u015fam alan\u0131n\u0131za zarif ve \u015f\u0131k bir g\u00f6r\u00fcnt\u00fc sunuyor. G\u00fcn\u00fcn yorgunlu\u011funu atmak istedi\u011finizde, huzurlu bir ortam yaratmak i\u00e7in mumlar\u0131m\u0131z\u0131 tercih edebilirsiniz. Zamanla mum bitti\u011finde, \u00fcr\u00fcn\u00fc dekoratif olarak kullanabilirsiniz ya da inci taneli [&hellip;]<\/p>\n","protected":false},"featured_media":19279,"template":"","meta":[],"product_brand":[],"product_cat":[4407],"product_tag":[4417],"class_list":{"0":"post-19278","1":"product","2":"type-product","3":"status-publish","4":"has-post-thumbnail","6":"product_cat-759npt","7":"product_tag-759npt000015","9":"first","10":"instock","11":"taxable","12":"shipping-taxable","13":"product-type-simple"},"_links":{"self":[{"href":"https:\/\/kervanmagazacilik.com\/index.php\/wp-json\/wp\/v2\/product\/19278","targetHints":{"allow":["GET"]}}],"collection":[{"href":"https:\/\/kervanmagazacilik.com\/index.php\/wp-json\/wp\/v2\/product"}],"about":[{"href":"https:\/\/kervanmagazacilik.com\/index.php\/wp-json\/wp\/v2\/types\/product"}],"wp:featuredmedia":[{"embeddable":true,"href":"https:\/\/kervanmagazacilik.com\/index.php\/wp-json\/wp\/v2\/media\/19279"}],"wp:attachment":[{"href":"https:\/\/kervanmagazacilik.com\/index.php\/wp-json\/wp\/v2\/media?parent=19278"}],"wp:term":[{"taxonomy":"product_brand","embeddable":true,"href":"https:\/\/kervanmagazacilik.com\/index.php\/wp-json\/wp\/v2\/product_brand?post=19278"},{"taxonomy":"product_cat","embeddable":true,"href":"https:\/\/kervanmagazacilik.com\/index.php\/wp-json\/wp\/v2\/product_cat?post=19278"},{"taxonomy":"product_tag","embeddable":true,"href":"https:\/\/kervanmagazacilik.com\/index.php\/wp-json\/wp\/v2\/product_tag?post=19278"}],"curies":[{"name":"wp","href":"https:\/\/api.w.org\/{rel}","templated":true}]}}