{"id":1926,"date":"2024-08-23T08:37:30","date_gmt":"2024-08-23T05:37:30","guid":{"rendered":"https:\/\/kervanmagazacilik.com\/?post_type=product&#038;p=1926"},"modified":"2024-08-23T08:37:30","modified_gmt":"2024-08-23T05:37:30","slug":"611ps0000006","status":"publish","type":"product","link":"https:\/\/kervanmagazacilik.com\/index.php\/urun\/611ps0000006\/","title":{"rendered":"611PS0000006"},"content":{"rendered":"<p>611PS0000006<\/p>\n<p>BOY AYNASI<\/p>\n<p>42x70x175cm LEO 13<\/p>\n<p>Bayur A\u011fac\u0131<\/p>\n<p>1.\/ Temizlemek ve cilal\u0131 ah\u015fab\u0131n g\u00f6r\u00fcn\u00fcm\u00fcn\u00fc korumak i\u00e7in t\u00fcy b\u0131rakmayan bir temizlik beziyle ah\u015fab\u0131n damarlar\u0131 y\u00f6n\u00fcnde nazik\u00e7e silin.<br \/>\n2.\/ Mobilyalar\u0131 asla s\u00fcr\u00fcklemeyin &#8211; daima kald\u0131r\u0131n.<\/p>\n","protected":false},"excerpt":{"rendered":"<p>611PS0000006 BOY AYNASI 42x70x175cm LEO 13 Bayur A\u011fac\u0131 1.\/ Temizlemek ve cilal\u0131 ah\u015fab\u0131n g\u00f6r\u00fcn\u00fcm\u00fcn\u00fc korumak i\u00e7in t\u00fcy b\u0131rakmayan bir temizlik beziyle ah\u015fab\u0131n damarlar\u0131 y\u00f6n\u00fcnde nazik\u00e7e silin. 2.\/ Mobilyalar\u0131 asla s\u00fcr\u00fcklemeyin &#8211; daima kald\u0131r\u0131n.<\/p>\n","protected":false},"featured_media":1928,"template":"","meta":[],"product_brand":[],"product_cat":[74],"product_tag":[597],"class_list":{"0":"post-1926","1":"product","2":"type-product","3":"status-publish","4":"has-post-thumbnail","6":"product_cat-611ps","7":"product_tag-611ps0000006","9":"first","10":"instock","11":"taxable","12":"shipping-taxable","13":"product-type-simple"},"_links":{"self":[{"href":"https:\/\/kervanmagazacilik.com\/index.php\/wp-json\/wp\/v2\/product\/1926","targetHints":{"allow":["GET"]}}],"collection":[{"href":"https:\/\/kervanmagazacilik.com\/index.php\/wp-json\/wp\/v2\/product"}],"about":[{"href":"https:\/\/kervanmagazacilik.com\/index.php\/wp-json\/wp\/v2\/types\/product"}],"wp:featuredmedia":[{"embeddable":true,"href":"https:\/\/kervanmagazacilik.com\/index.php\/wp-json\/wp\/v2\/media\/1928"}],"wp:attachment":[{"href":"https:\/\/kervanmagazacilik.com\/index.php\/wp-json\/wp\/v2\/media?parent=1926"}],"wp:term":[{"taxonomy":"product_brand","embeddable":true,"href":"https:\/\/kervanmagazacilik.com\/index.php\/wp-json\/wp\/v2\/product_brand?post=1926"},{"taxonomy":"product_cat","embeddable":true,"href":"https:\/\/kervanmagazacilik.com\/index.php\/wp-json\/wp\/v2\/product_cat?post=1926"},{"taxonomy":"product_tag","embeddable":true,"href":"https:\/\/kervanmagazacilik.com\/index.php\/wp-json\/wp\/v2\/product_tag?post=1926"}],"curies":[{"name":"wp","href":"https:\/\/api.w.org\/{rel}","templated":true}]}}