{"id":19258,"date":"2024-12-11T22:46:03","date_gmt":"2024-12-11T19:46:03","guid":{"rendered":"https:\/\/kervanmagazacilik.com\/?post_type=product&#038;p=19258"},"modified":"2024-12-11T22:46:04","modified_gmt":"2024-12-11T19:46:04","slug":"759npt000006","status":"publish","type":"product","link":"https:\/\/kervanmagazacilik.com\/index.php\/urun\/759npt000006\/","title":{"rendered":"759NPT000006"},"content":{"rendered":"<p>759NPT000006<\/p>\n<p>DAHL\u0130A 350 CC YILDIZ \u00c7\u0130\u00c7E\u011e\u0130 TA\u015eLI KOKU \u015e\u0130\u015eES\u0130 13,5X13,5 CM BORDO<\/p>\n<p>\u015e\u0130\u015eEN\u0130N \u0130\u00c7ER\u0130S\u0130NE ESANS KOKU DOLDURULMALIDIR. DOLDURDUKTAN B\u0130R S\u00dcRE SONRA, SERAM\u0130K KOKU TA\u015eI ESANSI HIZLI OLARAK EMECEKT\u0130R. DAHA SONRA ESANSI EMME S\u00dcRES\u0130 ZAMANLA AZALACAKTIR. ESANS AZALINCA YEDEK ESANSLARIMIZDAN SATIN ALAB\u0130L\u0130RS\u0130N\u0130Z. \u00c7OK \u015eIK TASARIMI \u0130LE DEKORASYONUNUZDA VAZGE\u00c7\u0130LMEZ OLACAK.<\/p>\n","protected":false},"excerpt":{"rendered":"<p>759NPT000006 DAHL\u0130A 350 CC YILDIZ \u00c7\u0130\u00c7E\u011e\u0130 TA\u015eLI KOKU \u015e\u0130\u015eES\u0130 13,5X13,5 CM BORDO \u015e\u0130\u015eEN\u0130N \u0130\u00c7ER\u0130S\u0130NE ESANS KOKU DOLDURULMALIDIR. DOLDURDUKTAN B\u0130R S\u00dcRE SONRA, SERAM\u0130K KOKU TA\u015eI ESANSI HIZLI OLARAK EMECEKT\u0130R. DAHA SONRA ESANSI EMME S\u00dcRES\u0130 ZAMANLA AZALACAKTIR. ESANS AZALINCA YEDEK ESANSLARIMIZDAN SATIN ALAB\u0130L\u0130RS\u0130N\u0130Z. \u00c7OK \u015eIK TASARIMI \u0130LE DEKORASYONUNUZDA VAZGE\u00c7\u0130LMEZ OLACAK.<\/p>\n","protected":false},"featured_media":19259,"template":"","meta":[],"product_brand":[],"product_cat":[4407],"product_tag":[4412],"class_list":{"0":"post-19258","1":"product","2":"type-product","3":"status-publish","4":"has-post-thumbnail","6":"product_cat-759npt","7":"product_tag-759npt000006","9":"first","10":"instock","11":"taxable","12":"shipping-taxable","13":"product-type-simple"},"_links":{"self":[{"href":"https:\/\/kervanmagazacilik.com\/index.php\/wp-json\/wp\/v2\/product\/19258","targetHints":{"allow":["GET"]}}],"collection":[{"href":"https:\/\/kervanmagazacilik.com\/index.php\/wp-json\/wp\/v2\/product"}],"about":[{"href":"https:\/\/kervanmagazacilik.com\/index.php\/wp-json\/wp\/v2\/types\/product"}],"wp:featuredmedia":[{"embeddable":true,"href":"https:\/\/kervanmagazacilik.com\/index.php\/wp-json\/wp\/v2\/media\/19259"}],"wp:attachment":[{"href":"https:\/\/kervanmagazacilik.com\/index.php\/wp-json\/wp\/v2\/media?parent=19258"}],"wp:term":[{"taxonomy":"product_brand","embeddable":true,"href":"https:\/\/kervanmagazacilik.com\/index.php\/wp-json\/wp\/v2\/product_brand?post=19258"},{"taxonomy":"product_cat","embeddable":true,"href":"https:\/\/kervanmagazacilik.com\/index.php\/wp-json\/wp\/v2\/product_cat?post=19258"},{"taxonomy":"product_tag","embeddable":true,"href":"https:\/\/kervanmagazacilik.com\/index.php\/wp-json\/wp\/v2\/product_tag?post=19258"}],"curies":[{"name":"wp","href":"https:\/\/api.w.org\/{rel}","templated":true}]}}