{"id":19181,"date":"2024-12-10T11:43:17","date_gmt":"2024-12-10T08:43:17","guid":{"rendered":"https:\/\/kervanmagazacilik.com\/?post_type=product&#038;p=19181"},"modified":"2024-12-10T11:43:17","modified_gmt":"2024-12-10T08:43:17","slug":"759kld000004","status":"publish","type":"product","link":"https:\/\/kervanmagazacilik.com\/index.php\/urun\/759kld000004\/","title":{"rendered":"759KLD000004"},"content":{"rendered":"<p>759KLD000004<\/p>\n<p>VERSAS 2&#8217;LI FINCAN SET<\/p>\n<p>YUMU\u015eAK S\u00dcNGER \u0130LE ELDE YIKANMALIDIR.<\/p>\n","protected":false},"excerpt":{"rendered":"<p>759KLD000004 VERSAS 2&#8217;LI FINCAN SET YUMU\u015eAK S\u00dcNGER \u0130LE ELDE YIKANMALIDIR.<\/p>\n","protected":false},"featured_media":19182,"template":"","meta":[],"product_brand":[],"product_cat":[4387],"product_tag":[4391],"class_list":{"0":"post-19181","1":"product","2":"type-product","3":"status-publish","4":"has-post-thumbnail","6":"product_cat-759kld","7":"product_tag-759kld000004","9":"first","10":"instock","11":"taxable","12":"shipping-taxable","13":"product-type-simple"},"_links":{"self":[{"href":"https:\/\/kervanmagazacilik.com\/index.php\/wp-json\/wp\/v2\/product\/19181","targetHints":{"allow":["GET"]}}],"collection":[{"href":"https:\/\/kervanmagazacilik.com\/index.php\/wp-json\/wp\/v2\/product"}],"about":[{"href":"https:\/\/kervanmagazacilik.com\/index.php\/wp-json\/wp\/v2\/types\/product"}],"wp:featuredmedia":[{"embeddable":true,"href":"https:\/\/kervanmagazacilik.com\/index.php\/wp-json\/wp\/v2\/media\/19182"}],"wp:attachment":[{"href":"https:\/\/kervanmagazacilik.com\/index.php\/wp-json\/wp\/v2\/media?parent=19181"}],"wp:term":[{"taxonomy":"product_brand","embeddable":true,"href":"https:\/\/kervanmagazacilik.com\/index.php\/wp-json\/wp\/v2\/product_brand?post=19181"},{"taxonomy":"product_cat","embeddable":true,"href":"https:\/\/kervanmagazacilik.com\/index.php\/wp-json\/wp\/v2\/product_cat?post=19181"},{"taxonomy":"product_tag","embeddable":true,"href":"https:\/\/kervanmagazacilik.com\/index.php\/wp-json\/wp\/v2\/product_tag?post=19181"}],"curies":[{"name":"wp","href":"https:\/\/api.w.org\/{rel}","templated":true}]}}