{"id":19173,"date":"2024-12-10T11:35:36","date_gmt":"2024-12-10T08:35:36","guid":{"rendered":"https:\/\/kervanmagazacilik.com\/?post_type=product&#038;p=19173"},"modified":"2024-12-10T11:35:36","modified_gmt":"2024-12-10T08:35:36","slug":"759kld000002","status":"publish","type":"product","link":"https:\/\/kervanmagazacilik.com\/index.php\/urun\/759kld000002\/","title":{"rendered":"759KLD000002"},"content":{"rendered":"<p>759KLD000002<\/p>\n<p>PAVINSA 2&#8217;LI FINCAN SET<\/p>\n<p>YUMU\u015eAK S\u00dcNGER \u0130LE ELDE YIKANMALIDIR.<\/p>\n","protected":false},"excerpt":{"rendered":"<p>759KLD000002 PAVINSA 2&#8217;LI FINCAN SET YUMU\u015eAK S\u00dcNGER \u0130LE ELDE YIKANMALIDIR.<\/p>\n","protected":false},"featured_media":19174,"template":"","meta":[],"product_brand":[],"product_cat":[4387],"product_tag":[4389],"class_list":{"0":"post-19173","1":"product","2":"type-product","3":"status-publish","4":"has-post-thumbnail","6":"product_cat-759kld","7":"product_tag-759kld000002","9":"first","10":"instock","11":"taxable","12":"shipping-taxable","13":"product-type-simple"},"_links":{"self":[{"href":"https:\/\/kervanmagazacilik.com\/index.php\/wp-json\/wp\/v2\/product\/19173","targetHints":{"allow":["GET"]}}],"collection":[{"href":"https:\/\/kervanmagazacilik.com\/index.php\/wp-json\/wp\/v2\/product"}],"about":[{"href":"https:\/\/kervanmagazacilik.com\/index.php\/wp-json\/wp\/v2\/types\/product"}],"wp:featuredmedia":[{"embeddable":true,"href":"https:\/\/kervanmagazacilik.com\/index.php\/wp-json\/wp\/v2\/media\/19174"}],"wp:attachment":[{"href":"https:\/\/kervanmagazacilik.com\/index.php\/wp-json\/wp\/v2\/media?parent=19173"}],"wp:term":[{"taxonomy":"product_brand","embeddable":true,"href":"https:\/\/kervanmagazacilik.com\/index.php\/wp-json\/wp\/v2\/product_brand?post=19173"},{"taxonomy":"product_cat","embeddable":true,"href":"https:\/\/kervanmagazacilik.com\/index.php\/wp-json\/wp\/v2\/product_cat?post=19173"},{"taxonomy":"product_tag","embeddable":true,"href":"https:\/\/kervanmagazacilik.com\/index.php\/wp-json\/wp\/v2\/product_tag?post=19173"}],"curies":[{"name":"wp","href":"https:\/\/api.w.org\/{rel}","templated":true}]}}