{"id":1914,"date":"2024-08-23T08:26:09","date_gmt":"2024-08-23T05:26:09","guid":{"rendered":"https:\/\/kervanmagazacilik.com\/?post_type=product&#038;p=1914"},"modified":"2024-08-23T08:26:09","modified_gmt":"2024-08-23T05:26:09","slug":"611ps0000010","status":"publish","type":"product","link":"https:\/\/kervanmagazacilik.com\/index.php\/urun\/611ps0000010\/","title":{"rendered":"611PS0000010"},"content":{"rendered":"<p>611PS0000010<\/p>\n<p>DOLAP<\/p>\n<p>45x100x180cm PLA6<\/p>\n<p>Maun A\u011fac\u0131 \/ MDF \/ Mindi A\u011fac\u0131<br \/>\n1.\/ Silmek i\u00e7in nemli bir bez kullan\u0131n ve ard\u0131ndan kuru bir bezle silin<br \/>\n2.\/ Herhangi bir mobilyay\u0131 ta\u015f\u0131rken, \u00f6zellikle de b\u00fcy\u00fck e\u015fyalar\u0131 ta\u015f\u0131rken daima yard\u0131m al\u0131n.<\/p>\n","protected":false},"excerpt":{"rendered":"<p>611PS0000010 DOLAP 45x100x180cm PLA6 Maun A\u011fac\u0131 \/ MDF \/ Mindi A\u011fac\u0131 1.\/ Silmek i\u00e7in nemli bir bez kullan\u0131n ve ard\u0131ndan kuru bir bezle silin 2.\/ Herhangi bir mobilyay\u0131 ta\u015f\u0131rken, \u00f6zellikle de b\u00fcy\u00fck e\u015fyalar\u0131 ta\u015f\u0131rken daima yard\u0131m al\u0131n.<\/p>\n","protected":false},"featured_media":1916,"template":"","meta":[],"product_brand":[],"product_cat":[74],"product_tag":[593],"class_list":{"0":"post-1914","1":"product","2":"type-product","3":"status-publish","4":"has-post-thumbnail","6":"product_cat-611ps","7":"product_tag-611ps0000010","9":"first","10":"instock","11":"taxable","12":"shipping-taxable","13":"product-type-simple"},"_links":{"self":[{"href":"https:\/\/kervanmagazacilik.com\/index.php\/wp-json\/wp\/v2\/product\/1914","targetHints":{"allow":["GET"]}}],"collection":[{"href":"https:\/\/kervanmagazacilik.com\/index.php\/wp-json\/wp\/v2\/product"}],"about":[{"href":"https:\/\/kervanmagazacilik.com\/index.php\/wp-json\/wp\/v2\/types\/product"}],"wp:featuredmedia":[{"embeddable":true,"href":"https:\/\/kervanmagazacilik.com\/index.php\/wp-json\/wp\/v2\/media\/1916"}],"wp:attachment":[{"href":"https:\/\/kervanmagazacilik.com\/index.php\/wp-json\/wp\/v2\/media?parent=1914"}],"wp:term":[{"taxonomy":"product_brand","embeddable":true,"href":"https:\/\/kervanmagazacilik.com\/index.php\/wp-json\/wp\/v2\/product_brand?post=1914"},{"taxonomy":"product_cat","embeddable":true,"href":"https:\/\/kervanmagazacilik.com\/index.php\/wp-json\/wp\/v2\/product_cat?post=1914"},{"taxonomy":"product_tag","embeddable":true,"href":"https:\/\/kervanmagazacilik.com\/index.php\/wp-json\/wp\/v2\/product_tag?post=1914"}],"curies":[{"name":"wp","href":"https:\/\/api.w.org\/{rel}","templated":true}]}}