{"id":1911,"date":"2024-08-23T08:24:02","date_gmt":"2024-08-23T05:24:02","guid":{"rendered":"https:\/\/kervanmagazacilik.com\/?post_type=product&#038;p=1911"},"modified":"2024-08-23T08:24:02","modified_gmt":"2024-08-23T05:24:02","slug":"611ps0000011","status":"publish","type":"product","link":"https:\/\/kervanmagazacilik.com\/index.php\/urun\/611ps0000011\/","title":{"rendered":"611PS0000011"},"content":{"rendered":"<p>611PS0000011<\/p>\n<p>YAN SEHPA<\/p>\n<p>30x40x60cm PLO28<\/p>\n<p>Bayur A\u011fac\u0131 \/ MDF \/ Mindi A\u011fac\u0131 \/ Do\u011fal Rattan<\/p>\n<p>1.\/ Temizlemek ve cilal\u0131 ah\u015fab\u0131n g\u00f6r\u00fcn\u00fcm\u00fcn\u00fc korumak i\u00e7in t\u00fcy b\u0131rakmayan bir temizlik beziyle ah\u015fab\u0131n damarlar\u0131 y\u00f6n\u00fcnde nazik\u00e7e silin.<br \/>\n2.\/ Mobilyalar\u0131 asla s\u00fcr\u00fcklemeyin &#8211; daima kald\u0131r\u0131n.<\/p>\n","protected":false},"excerpt":{"rendered":"<p>611PS0000011 YAN SEHPA 30x40x60cm PLO28 Bayur A\u011fac\u0131 \/ MDF \/ Mindi A\u011fac\u0131 \/ Do\u011fal Rattan 1.\/ Temizlemek ve cilal\u0131 ah\u015fab\u0131n g\u00f6r\u00fcn\u00fcm\u00fcn\u00fc korumak i\u00e7in t\u00fcy b\u0131rakmayan bir temizlik beziyle ah\u015fab\u0131n damarlar\u0131 y\u00f6n\u00fcnde nazik\u00e7e silin. 2.\/ Mobilyalar\u0131 asla s\u00fcr\u00fcklemeyin &#8211; daima kald\u0131r\u0131n.<\/p>\n","protected":false},"featured_media":1913,"template":"","meta":[],"product_brand":[],"product_cat":[74],"product_tag":[592],"class_list":{"0":"post-1911","1":"product","2":"type-product","3":"status-publish","4":"has-post-thumbnail","6":"product_cat-611ps","7":"product_tag-611ps0000011","9":"first","10":"instock","11":"taxable","12":"shipping-taxable","13":"product-type-simple"},"_links":{"self":[{"href":"https:\/\/kervanmagazacilik.com\/index.php\/wp-json\/wp\/v2\/product\/1911","targetHints":{"allow":["GET"]}}],"collection":[{"href":"https:\/\/kervanmagazacilik.com\/index.php\/wp-json\/wp\/v2\/product"}],"about":[{"href":"https:\/\/kervanmagazacilik.com\/index.php\/wp-json\/wp\/v2\/types\/product"}],"wp:featuredmedia":[{"embeddable":true,"href":"https:\/\/kervanmagazacilik.com\/index.php\/wp-json\/wp\/v2\/media\/1913"}],"wp:attachment":[{"href":"https:\/\/kervanmagazacilik.com\/index.php\/wp-json\/wp\/v2\/media?parent=1911"}],"wp:term":[{"taxonomy":"product_brand","embeddable":true,"href":"https:\/\/kervanmagazacilik.com\/index.php\/wp-json\/wp\/v2\/product_brand?post=1911"},{"taxonomy":"product_cat","embeddable":true,"href":"https:\/\/kervanmagazacilik.com\/index.php\/wp-json\/wp\/v2\/product_cat?post=1911"},{"taxonomy":"product_tag","embeddable":true,"href":"https:\/\/kervanmagazacilik.com\/index.php\/wp-json\/wp\/v2\/product_tag?post=1911"}],"curies":[{"name":"wp","href":"https:\/\/api.w.org\/{rel}","templated":true}]}}