{"id":19103,"date":"2024-12-08T10:36:25","date_gmt":"2024-12-08T07:36:25","guid":{"rendered":"https:\/\/kervanmagazacilik.com\/?post_type=product&#038;p=19103"},"modified":"2024-12-08T10:36:25","modified_gmt":"2024-12-08T07:36:25","slug":"241063027572","status":"publish","type":"product","link":"https:\/\/kervanmagazacilik.com\/index.php\/urun\/241063027572\/","title":{"rendered":"241063027572"},"content":{"rendered":"<p>241063027572<\/p>\n<p>ESTORIL SAL SET YE\u015e\u0130L 65&#215;250 CM 7 PRC<\/p>\n<div>A Kuma\u015f:\u00a0 %100 Polyester<\/div>\n<div>Aksesuar:%100 Polyester<\/div>\n<div>Sadece kuru temizleme yap\u0131lmal\u0131d\u0131r<\/div>\n<div><\/div>\n<div>ALT GRUP: YATAK ODASI TEKST\u0130L\u0130<\/div>\n<div><\/div>\n<div><\/div>\n<div>\u015eAL: 65&#215;240 CM<\/div>\n<div>KIRLENT: 35X70 CM (2 ADET)<\/div>\n<div>KIRLENT: 55X5 CM (3 ADET)<\/div>\n<div>S\u00dcS YASTIK:30X30<\/div>\n","protected":false},"excerpt":{"rendered":"<p>241063027572 ESTORIL SAL SET YE\u015e\u0130L 65&#215;250 CM 7 PRC A Kuma\u015f:\u00a0 %100 Polyester Aksesuar:%100 Polyester Sadece kuru temizleme yap\u0131lmal\u0131d\u0131r ALT GRUP: YATAK ODASI TEKST\u0130L\u0130 \u015eAL: 65&#215;240 CM KIRLENT: 35X70 CM (2 ADET) KIRLENT: 55X5 CM (3 ADET) S\u00dcS YASTIK:30X30<\/p>\n","protected":false},"featured_media":19104,"template":"","meta":[],"product_brand":[],"product_cat":[3250],"product_tag":[4368],"class_list":{"0":"post-19103","1":"product","2":"type-product","3":"status-publish","4":"has-post-thumbnail","6":"product_cat-3250","7":"product_tag-4368","9":"first","10":"instock","11":"taxable","12":"shipping-taxable","13":"product-type-simple"},"_links":{"self":[{"href":"https:\/\/kervanmagazacilik.com\/index.php\/wp-json\/wp\/v2\/product\/19103","targetHints":{"allow":["GET"]}}],"collection":[{"href":"https:\/\/kervanmagazacilik.com\/index.php\/wp-json\/wp\/v2\/product"}],"about":[{"href":"https:\/\/kervanmagazacilik.com\/index.php\/wp-json\/wp\/v2\/types\/product"}],"wp:featuredmedia":[{"embeddable":true,"href":"https:\/\/kervanmagazacilik.com\/index.php\/wp-json\/wp\/v2\/media\/19104"}],"wp:attachment":[{"href":"https:\/\/kervanmagazacilik.com\/index.php\/wp-json\/wp\/v2\/media?parent=19103"}],"wp:term":[{"taxonomy":"product_brand","embeddable":true,"href":"https:\/\/kervanmagazacilik.com\/index.php\/wp-json\/wp\/v2\/product_brand?post=19103"},{"taxonomy":"product_cat","embeddable":true,"href":"https:\/\/kervanmagazacilik.com\/index.php\/wp-json\/wp\/v2\/product_cat?post=19103"},{"taxonomy":"product_tag","embeddable":true,"href":"https:\/\/kervanmagazacilik.com\/index.php\/wp-json\/wp\/v2\/product_tag?post=19103"}],"curies":[{"name":"wp","href":"https:\/\/api.w.org\/{rel}","templated":true}]}}