{"id":19083,"date":"2024-12-08T00:37:41","date_gmt":"2024-12-07T21:37:41","guid":{"rendered":"https:\/\/kervanmagazacilik.com\/?post_type=product&#038;p=19083"},"modified":"2024-12-08T00:37:41","modified_gmt":"2024-12-07T21:37:41","slug":"759ltn000004","status":"publish","type":"product","link":"https:\/\/kervanmagazacilik.com\/index.php\/urun\/759ltn000004\/","title":{"rendered":"759LTN000004"},"content":{"rendered":"<p>759LTN000004<\/p>\n<p>D\u0130WAL\u0130 6&#8217;LI \u00c7AY BARDA\u011eI + TABA\u011eI<\/p>\n<p>\u00dcr\u00fcn materyali; camd\u0131r. %100 el yap\u0131m\u0131d\u0131r. Bula\u015f\u0131k makinesinde y\u0131kanmaz. Elde, yumu\u015fak bir s\u00fcnger ve \u0131l\u0131k su ile temizlenmelidir. Ger\u00e7ek alt\u0131n boya ile elde dekorlanm\u0131\u015ft\u0131r.<\/p>\n","protected":false},"excerpt":{"rendered":"<p>759LTN000004 D\u0130WAL\u0130 6&#8217;LI \u00c7AY BARDA\u011eI + TABA\u011eI \u00dcr\u00fcn materyali; camd\u0131r. %100 el yap\u0131m\u0131d\u0131r. Bula\u015f\u0131k makinesinde y\u0131kanmaz. Elde, yumu\u015fak bir s\u00fcnger ve \u0131l\u0131k su ile temizlenmelidir. Ger\u00e7ek alt\u0131n boya ile elde dekorlanm\u0131\u015ft\u0131r.<\/p>\n","protected":false},"featured_media":19084,"template":"","meta":[],"product_brand":[],"product_cat":[271],"product_tag":[4364],"class_list":{"0":"post-19083","1":"product","2":"type-product","3":"status-publish","4":"has-post-thumbnail","6":"product_cat-759tny","7":"product_tag-759ltn000004","9":"first","10":"instock","11":"taxable","12":"shipping-taxable","13":"product-type-simple"},"_links":{"self":[{"href":"https:\/\/kervanmagazacilik.com\/index.php\/wp-json\/wp\/v2\/product\/19083","targetHints":{"allow":["GET"]}}],"collection":[{"href":"https:\/\/kervanmagazacilik.com\/index.php\/wp-json\/wp\/v2\/product"}],"about":[{"href":"https:\/\/kervanmagazacilik.com\/index.php\/wp-json\/wp\/v2\/types\/product"}],"wp:featuredmedia":[{"embeddable":true,"href":"https:\/\/kervanmagazacilik.com\/index.php\/wp-json\/wp\/v2\/media\/19084"}],"wp:attachment":[{"href":"https:\/\/kervanmagazacilik.com\/index.php\/wp-json\/wp\/v2\/media?parent=19083"}],"wp:term":[{"taxonomy":"product_brand","embeddable":true,"href":"https:\/\/kervanmagazacilik.com\/index.php\/wp-json\/wp\/v2\/product_brand?post=19083"},{"taxonomy":"product_cat","embeddable":true,"href":"https:\/\/kervanmagazacilik.com\/index.php\/wp-json\/wp\/v2\/product_cat?post=19083"},{"taxonomy":"product_tag","embeddable":true,"href":"https:\/\/kervanmagazacilik.com\/index.php\/wp-json\/wp\/v2\/product_tag?post=19083"}],"curies":[{"name":"wp","href":"https:\/\/api.w.org\/{rel}","templated":true}]}}