{"id":1908,"date":"2024-08-23T08:21:49","date_gmt":"2024-08-23T05:21:49","guid":{"rendered":"https:\/\/kervanmagazacilik.com\/?post_type=product&#038;p=1908"},"modified":"2024-08-23T08:21:49","modified_gmt":"2024-08-23T05:21:49","slug":"611ps0000012","status":"publish","type":"product","link":"https:\/\/kervanmagazacilik.com\/index.php\/urun\/611ps0000012\/","title":{"rendered":"611PS0000012"},"content":{"rendered":"<p>611PS0000012<\/p>\n<p>YEMEK MASASI A\u00c7ILIR<\/p>\n<p>120&#215;120-220x77cm PLO11<\/p>\n<p>Maun A\u011fac\u0131 \/ MDF \/ Mindi A\u011fac\u0131<br \/>\n1. \/ Silmek i\u00e7in nemli bir bez kullan\u0131n ve ard\u0131ndan kuru bir bezle silin.<br \/>\n2. \/ \u0130z b\u0131rakacak i\u015flemlere kar\u015f\u0131 koruma i\u00e7in, s\u0131cak e\u015fyalar\u0131 masa y\u00fczeyine yerle\u015ftirirken her zaman altl\u0131klar kullan\u0131lmal\u0131d\u0131r.<br \/>\n3.\/ Asla d\u00f6k\u00fcnt\u00fc b\u0131rakmamal\u0131, derhal temizlenmelidir. Baz\u0131 s\u0131v\u0131lar 2 saatten fazla masada kalmas\u0131 durumunda iz b\u0131rakabilmektedir.<br \/>\n4.\/ Mobilyalar\u0131 asla s\u00fcr\u00fcklemeyin &#8211; her zaman kald\u0131r\u0131n.<br \/>\n5.\/ Yemek masas\u0131n\u0131 ta\u015f\u0131rken asla masa \u00fcst\u00fcn\u00fc kullanarak kald\u0131rmay\u0131n, bu uzatma mekanizmas\u0131n\u0131n hasar g\u00f6rmesine neden olabilir.<br \/>\n6.\/ D\u00fczensiz kararmay\u0131 \u00f6nlemek i\u00e7in ilk bir ka\u00e7 ay a\u00e7\u0131k kullan\u0131lmal\u0131d\u0131r.<\/p>\n","protected":false},"excerpt":{"rendered":"<p>611PS0000012 YEMEK MASASI A\u00c7ILIR 120&#215;120-220x77cm PLO11 Maun A\u011fac\u0131 \/ MDF \/ Mindi A\u011fac\u0131 1. \/ Silmek i\u00e7in nemli bir bez kullan\u0131n ve ard\u0131ndan kuru bir bezle silin. 2. \/ \u0130z b\u0131rakacak i\u015flemlere kar\u015f\u0131 koruma i\u00e7in, s\u0131cak e\u015fyalar\u0131 masa y\u00fczeyine yerle\u015ftirirken her zaman altl\u0131klar kullan\u0131lmal\u0131d\u0131r. 3.\/ Asla d\u00f6k\u00fcnt\u00fc b\u0131rakmamal\u0131, derhal temizlenmelidir. Baz\u0131 s\u0131v\u0131lar 2 saatten fazla [&hellip;]<\/p>\n","protected":false},"featured_media":1910,"template":"","meta":[],"product_brand":[],"product_cat":[74],"product_tag":[591],"class_list":{"0":"post-1908","1":"product","2":"type-product","3":"status-publish","4":"has-post-thumbnail","6":"product_cat-611ps","7":"product_tag-611ps0000012","9":"first","10":"instock","11":"taxable","12":"shipping-taxable","13":"product-type-simple"},"_links":{"self":[{"href":"https:\/\/kervanmagazacilik.com\/index.php\/wp-json\/wp\/v2\/product\/1908","targetHints":{"allow":["GET"]}}],"collection":[{"href":"https:\/\/kervanmagazacilik.com\/index.php\/wp-json\/wp\/v2\/product"}],"about":[{"href":"https:\/\/kervanmagazacilik.com\/index.php\/wp-json\/wp\/v2\/types\/product"}],"wp:featuredmedia":[{"embeddable":true,"href":"https:\/\/kervanmagazacilik.com\/index.php\/wp-json\/wp\/v2\/media\/1910"}],"wp:attachment":[{"href":"https:\/\/kervanmagazacilik.com\/index.php\/wp-json\/wp\/v2\/media?parent=1908"}],"wp:term":[{"taxonomy":"product_brand","embeddable":true,"href":"https:\/\/kervanmagazacilik.com\/index.php\/wp-json\/wp\/v2\/product_brand?post=1908"},{"taxonomy":"product_cat","embeddable":true,"href":"https:\/\/kervanmagazacilik.com\/index.php\/wp-json\/wp\/v2\/product_cat?post=1908"},{"taxonomy":"product_tag","embeddable":true,"href":"https:\/\/kervanmagazacilik.com\/index.php\/wp-json\/wp\/v2\/product_tag?post=1908"}],"curies":[{"name":"wp","href":"https:\/\/api.w.org\/{rel}","templated":true}]}}