{"id":19074,"date":"2024-12-08T00:27:35","date_gmt":"2024-12-07T21:27:35","guid":{"rendered":"https:\/\/kervanmagazacilik.com\/?post_type=product&#038;p=19074"},"modified":"2024-12-08T00:27:35","modified_gmt":"2024-12-07T21:27:35","slug":"759ltn000002","status":"publish","type":"product","link":"https:\/\/kervanmagazacilik.com\/index.php\/urun\/759ltn000002\/","title":{"rendered":"759LTN000002"},"content":{"rendered":"<p>759LTN000002<\/p>\n<p>D\u0130WAL\u0130 6&#8217;LI AYAKLI BARDAK<\/p>\n<p>\u00dcr\u00fcn materyali; camd\u0131r. %100 el yap\u0131m\u0131d\u0131r. Bula\u015f\u0131k makinesinde y\u0131kanmaz. Elde, yumu\u015fak bir s\u00fcnger ve \u0131l\u0131k su ile temizlenmelidir. Ger\u00e7ek alt\u0131n boya ile elde dekorlanm\u0131\u015ft\u0131r.<\/p>\n","protected":false},"excerpt":{"rendered":"<p>759LTN000002 D\u0130WAL\u0130 6&#8217;LI AYAKLI BARDAK \u00dcr\u00fcn materyali; camd\u0131r. %100 el yap\u0131m\u0131d\u0131r. Bula\u015f\u0131k makinesinde y\u0131kanmaz. Elde, yumu\u015fak bir s\u00fcnger ve \u0131l\u0131k su ile temizlenmelidir. Ger\u00e7ek alt\u0131n boya ile elde dekorlanm\u0131\u015ft\u0131r.<\/p>\n","protected":false},"featured_media":19075,"template":"","meta":[],"product_brand":[],"product_cat":[245],"product_tag":[4362],"class_list":{"0":"post-19074","1":"product","2":"type-product","3":"status-publish","4":"has-post-thumbnail","6":"product_cat-759ltn","7":"product_tag-759ltn000002","9":"first","10":"instock","11":"taxable","12":"shipping-taxable","13":"product-type-simple"},"_links":{"self":[{"href":"https:\/\/kervanmagazacilik.com\/index.php\/wp-json\/wp\/v2\/product\/19074","targetHints":{"allow":["GET"]}}],"collection":[{"href":"https:\/\/kervanmagazacilik.com\/index.php\/wp-json\/wp\/v2\/product"}],"about":[{"href":"https:\/\/kervanmagazacilik.com\/index.php\/wp-json\/wp\/v2\/types\/product"}],"wp:featuredmedia":[{"embeddable":true,"href":"https:\/\/kervanmagazacilik.com\/index.php\/wp-json\/wp\/v2\/media\/19075"}],"wp:attachment":[{"href":"https:\/\/kervanmagazacilik.com\/index.php\/wp-json\/wp\/v2\/media?parent=19074"}],"wp:term":[{"taxonomy":"product_brand","embeddable":true,"href":"https:\/\/kervanmagazacilik.com\/index.php\/wp-json\/wp\/v2\/product_brand?post=19074"},{"taxonomy":"product_cat","embeddable":true,"href":"https:\/\/kervanmagazacilik.com\/index.php\/wp-json\/wp\/v2\/product_cat?post=19074"},{"taxonomy":"product_tag","embeddable":true,"href":"https:\/\/kervanmagazacilik.com\/index.php\/wp-json\/wp\/v2\/product_tag?post=19074"}],"curies":[{"name":"wp","href":"https:\/\/api.w.org\/{rel}","templated":true}]}}