{"id":19070,"date":"2024-12-08T00:22:29","date_gmt":"2024-12-07T21:22:29","guid":{"rendered":"https:\/\/kervanmagazacilik.com\/?post_type=product&#038;p=19070"},"modified":"2024-12-08T00:22:29","modified_gmt":"2024-12-07T21:22:29","slug":"759ltn000001","status":"publish","type":"product","link":"https:\/\/kervanmagazacilik.com\/index.php\/urun\/759ltn000001\/","title":{"rendered":"759LTN000001"},"content":{"rendered":"<p>759LTN000001<\/p>\n<p>VERSAS 3&#8217;L\u00dc BANYO SET BEYAZ<\/p>\n<p>\u00dcr\u00fcn materyali; camd\u0131r. Elde, yumu\u015fak bir s\u00fcnger ve \u0131l\u0131k su ile temizlenmelidir. \u0130\u00e7erik; s\u0131v\u0131 sabunluk-kapakl\u0131 pamukluk-di\u015f f\u0131r\u00e7al\u0131k<\/p>\n","protected":false},"excerpt":{"rendered":"<p>759LTN000001 VERSAS 3&#8217;L\u00dc BANYO SET BEYAZ \u00dcr\u00fcn materyali; camd\u0131r. Elde, yumu\u015fak bir s\u00fcnger ve \u0131l\u0131k su ile temizlenmelidir. \u0130\u00e7erik; s\u0131v\u0131 sabunluk-kapakl\u0131 pamukluk-di\u015f f\u0131r\u00e7al\u0131k<\/p>\n","protected":false},"featured_media":19071,"template":"","meta":[],"product_brand":[],"product_cat":[245],"product_tag":[4361],"class_list":{"0":"post-19070","1":"product","2":"type-product","3":"status-publish","4":"has-post-thumbnail","6":"product_cat-759ltn","7":"product_tag-759ltn000001","9":"first","10":"instock","11":"taxable","12":"shipping-taxable","13":"product-type-simple"},"_links":{"self":[{"href":"https:\/\/kervanmagazacilik.com\/index.php\/wp-json\/wp\/v2\/product\/19070","targetHints":{"allow":["GET"]}}],"collection":[{"href":"https:\/\/kervanmagazacilik.com\/index.php\/wp-json\/wp\/v2\/product"}],"about":[{"href":"https:\/\/kervanmagazacilik.com\/index.php\/wp-json\/wp\/v2\/types\/product"}],"wp:featuredmedia":[{"embeddable":true,"href":"https:\/\/kervanmagazacilik.com\/index.php\/wp-json\/wp\/v2\/media\/19071"}],"wp:attachment":[{"href":"https:\/\/kervanmagazacilik.com\/index.php\/wp-json\/wp\/v2\/media?parent=19070"}],"wp:term":[{"taxonomy":"product_brand","embeddable":true,"href":"https:\/\/kervanmagazacilik.com\/index.php\/wp-json\/wp\/v2\/product_brand?post=19070"},{"taxonomy":"product_cat","embeddable":true,"href":"https:\/\/kervanmagazacilik.com\/index.php\/wp-json\/wp\/v2\/product_cat?post=19070"},{"taxonomy":"product_tag","embeddable":true,"href":"https:\/\/kervanmagazacilik.com\/index.php\/wp-json\/wp\/v2\/product_tag?post=19070"}],"curies":[{"name":"wp","href":"https:\/\/api.w.org\/{rel}","templated":true}]}}