{"id":18886,"date":"2024-12-06T21:06:57","date_gmt":"2024-12-06T18:06:57","guid":{"rendered":"https:\/\/kervanmagazacilik.com\/?post_type=product&#038;p=18886"},"modified":"2024-12-06T21:06:58","modified_gmt":"2024-12-06T18:06:58","slug":"759min200050","status":"publish","type":"product","link":"https:\/\/kervanmagazacilik.com\/index.php\/urun\/759min200050\/","title":{"rendered":"759MIN200050"},"content":{"rendered":"<p>759MIN200050<\/p>\n<p>T202289C0B2 DEKORATIF AKSESUAR 27x27x24cm<\/p>\n<p>Kuru bez ile toz al\u0131nmal\u0131d\u0131r.<\/p>\n","protected":false},"excerpt":{"rendered":"<p>759MIN200050 T202289C0B2 DEKORATIF AKSESUAR 27x27x24cm Kuru bez ile toz al\u0131nmal\u0131d\u0131r.<\/p>\n","protected":false},"featured_media":18887,"template":"","meta":[],"product_brand":[],"product_cat":[247],"product_tag":[4322],"class_list":{"0":"post-18886","1":"product","2":"type-product","3":"status-publish","4":"has-post-thumbnail","6":"product_cat-759min1","7":"product_tag-759min200050","9":"first","10":"instock","11":"taxable","12":"shipping-taxable","13":"product-type-simple"},"_links":{"self":[{"href":"https:\/\/kervanmagazacilik.com\/index.php\/wp-json\/wp\/v2\/product\/18886","targetHints":{"allow":["GET"]}}],"collection":[{"href":"https:\/\/kervanmagazacilik.com\/index.php\/wp-json\/wp\/v2\/product"}],"about":[{"href":"https:\/\/kervanmagazacilik.com\/index.php\/wp-json\/wp\/v2\/types\/product"}],"wp:featuredmedia":[{"embeddable":true,"href":"https:\/\/kervanmagazacilik.com\/index.php\/wp-json\/wp\/v2\/media\/18887"}],"wp:attachment":[{"href":"https:\/\/kervanmagazacilik.com\/index.php\/wp-json\/wp\/v2\/media?parent=18886"}],"wp:term":[{"taxonomy":"product_brand","embeddable":true,"href":"https:\/\/kervanmagazacilik.com\/index.php\/wp-json\/wp\/v2\/product_brand?post=18886"},{"taxonomy":"product_cat","embeddable":true,"href":"https:\/\/kervanmagazacilik.com\/index.php\/wp-json\/wp\/v2\/product_cat?post=18886"},{"taxonomy":"product_tag","embeddable":true,"href":"https:\/\/kervanmagazacilik.com\/index.php\/wp-json\/wp\/v2\/product_tag?post=18886"}],"curies":[{"name":"wp","href":"https:\/\/api.w.org\/{rel}","templated":true}]}}