{"id":18836,"date":"2024-12-06T10:11:10","date_gmt":"2024-12-06T07:11:10","guid":{"rendered":"https:\/\/kervanmagazacilik.com\/?post_type=product&#038;p=18836"},"modified":"2024-12-06T10:11:10","modified_gmt":"2024-12-06T07:11:10","slug":"759min000006","status":"publish","type":"product","link":"https:\/\/kervanmagazacilik.com\/index.php\/urun\/759min000006\/","title":{"rendered":"759MIN000006"},"content":{"rendered":"<p>759MIN000006<\/p>\n<p>171630 METAL TEPSI 36&#215;20.5x26cm<\/p>\n<p>Kuru bez ile toz al\u0131nmal\u0131d\u0131r.<\/p>\n","protected":false},"excerpt":{"rendered":"<p>759MIN000006 171630 METAL TEPSI 36&#215;20.5x26cm Kuru bez ile toz al\u0131nmal\u0131d\u0131r.<\/p>\n","protected":false},"featured_media":18837,"template":"","meta":[],"product_brand":[],"product_cat":[246],"product_tag":[4309],"class_list":{"0":"post-18836","1":"product","2":"type-product","3":"status-publish","4":"has-post-thumbnail","6":"product_cat-759min","7":"product_tag-759min000006","9":"first","10":"instock","11":"taxable","12":"shipping-taxable","13":"product-type-simple"},"_links":{"self":[{"href":"https:\/\/kervanmagazacilik.com\/index.php\/wp-json\/wp\/v2\/product\/18836","targetHints":{"allow":["GET"]}}],"collection":[{"href":"https:\/\/kervanmagazacilik.com\/index.php\/wp-json\/wp\/v2\/product"}],"about":[{"href":"https:\/\/kervanmagazacilik.com\/index.php\/wp-json\/wp\/v2\/types\/product"}],"wp:featuredmedia":[{"embeddable":true,"href":"https:\/\/kervanmagazacilik.com\/index.php\/wp-json\/wp\/v2\/media\/18837"}],"wp:attachment":[{"href":"https:\/\/kervanmagazacilik.com\/index.php\/wp-json\/wp\/v2\/media?parent=18836"}],"wp:term":[{"taxonomy":"product_brand","embeddable":true,"href":"https:\/\/kervanmagazacilik.com\/index.php\/wp-json\/wp\/v2\/product_brand?post=18836"},{"taxonomy":"product_cat","embeddable":true,"href":"https:\/\/kervanmagazacilik.com\/index.php\/wp-json\/wp\/v2\/product_cat?post=18836"},{"taxonomy":"product_tag","embeddable":true,"href":"https:\/\/kervanmagazacilik.com\/index.php\/wp-json\/wp\/v2\/product_tag?post=18836"}],"curies":[{"name":"wp","href":"https:\/\/api.w.org\/{rel}","templated":true}]}}