{"id":18799,"date":"2024-12-05T16:56:37","date_gmt":"2024-12-05T13:56:37","guid":{"rendered":"https:\/\/kervanmagazacilik.com\/?post_type=product&#038;p=18799"},"modified":"2024-12-05T16:56:38","modified_gmt":"2024-12-05T13:56:38","slug":"759dee000089","status":"publish","type":"product","link":"https:\/\/kervanmagazacilik.com\/index.php\/urun\/759dee000089\/","title":{"rendered":"759DEE000089"},"content":{"rendered":"<p>759DEE000089<\/p>\n<p>GD-25283B DEKORATIF KAPAKLI KAVANOZ BUYUK 22x22x44cm<\/p>\n<p>Kuru bez ile toz al\u0131nmal\u0131d\u0131r.<\/p>\n<p>&nbsp;<\/p>\n","protected":false},"excerpt":{"rendered":"<p>759DEE000089 GD-25283B DEKORATIF KAPAKLI KAVANOZ BUYUK 22x22x44cm Kuru bez ile toz al\u0131nmal\u0131d\u0131r. &nbsp;<\/p>\n","protected":false},"featured_media":18800,"template":"","meta":[],"product_brand":[],"product_cat":[215],"product_tag":[4300],"class_list":{"0":"post-18799","1":"product","2":"type-product","3":"status-publish","4":"has-post-thumbnail","6":"product_cat-759dee","7":"product_tag-759dee000089","9":"first","10":"instock","11":"taxable","12":"shipping-taxable","13":"product-type-simple"},"_links":{"self":[{"href":"https:\/\/kervanmagazacilik.com\/index.php\/wp-json\/wp\/v2\/product\/18799","targetHints":{"allow":["GET"]}}],"collection":[{"href":"https:\/\/kervanmagazacilik.com\/index.php\/wp-json\/wp\/v2\/product"}],"about":[{"href":"https:\/\/kervanmagazacilik.com\/index.php\/wp-json\/wp\/v2\/types\/product"}],"wp:featuredmedia":[{"embeddable":true,"href":"https:\/\/kervanmagazacilik.com\/index.php\/wp-json\/wp\/v2\/media\/18800"}],"wp:attachment":[{"href":"https:\/\/kervanmagazacilik.com\/index.php\/wp-json\/wp\/v2\/media?parent=18799"}],"wp:term":[{"taxonomy":"product_brand","embeddable":true,"href":"https:\/\/kervanmagazacilik.com\/index.php\/wp-json\/wp\/v2\/product_brand?post=18799"},{"taxonomy":"product_cat","embeddable":true,"href":"https:\/\/kervanmagazacilik.com\/index.php\/wp-json\/wp\/v2\/product_cat?post=18799"},{"taxonomy":"product_tag","embeddable":true,"href":"https:\/\/kervanmagazacilik.com\/index.php\/wp-json\/wp\/v2\/product_tag?post=18799"}],"curies":[{"name":"wp","href":"https:\/\/api.w.org\/{rel}","templated":true}]}}