{"id":1879,"date":"2024-08-22T17:24:24","date_gmt":"2024-08-22T14:24:24","guid":{"rendered":"https:\/\/kervanmagazacilik.com\/?post_type=product&#038;p=1879"},"modified":"2024-08-22T17:24:24","modified_gmt":"2024-08-22T14:24:24","slug":"611ps0000021","status":"publish","type":"product","link":"https:\/\/kervanmagazacilik.com\/index.php\/urun\/611ps0000021\/","title":{"rendered":"611PS0000021"},"content":{"rendered":"<p>611PS0000021<\/p>\n<p>TIRNAK<\/p>\n<p>35x110x90cm LOB5<\/p>\n<p>Bayur A\u011fac\u0131 \/ MDF \/ Mindi A\u011fac\u0131<br \/>\n1.\/ Silmek i\u00e7in nemli bir bez kullan\u0131n ve ard\u0131ndan kuru bir bezle silin<br \/>\n2.\/ Mobilyalar\u0131 asla s\u00fcr\u00fcklemeyin &#8211; her zaman kald\u0131r\u0131n.<\/p>\n","protected":false},"excerpt":{"rendered":"<p>611PS0000021 TIRNAK 35x110x90cm LOB5 Bayur A\u011fac\u0131 \/ MDF \/ Mindi A\u011fac\u0131 1.\/ Silmek i\u00e7in nemli bir bez kullan\u0131n ve ard\u0131ndan kuru bir bezle silin 2.\/ Mobilyalar\u0131 asla s\u00fcr\u00fcklemeyin &#8211; her zaman kald\u0131r\u0131n.<\/p>\n","protected":false},"featured_media":1883,"template":"","meta":[],"product_brand":[],"product_cat":[74],"product_tag":[583],"class_list":{"0":"post-1879","1":"product","2":"type-product","3":"status-publish","4":"has-post-thumbnail","6":"product_cat-611ps","7":"product_tag-611ps0000021","9":"first","10":"instock","11":"taxable","12":"shipping-taxable","13":"product-type-simple"},"_links":{"self":[{"href":"https:\/\/kervanmagazacilik.com\/index.php\/wp-json\/wp\/v2\/product\/1879","targetHints":{"allow":["GET"]}}],"collection":[{"href":"https:\/\/kervanmagazacilik.com\/index.php\/wp-json\/wp\/v2\/product"}],"about":[{"href":"https:\/\/kervanmagazacilik.com\/index.php\/wp-json\/wp\/v2\/types\/product"}],"wp:featuredmedia":[{"embeddable":true,"href":"https:\/\/kervanmagazacilik.com\/index.php\/wp-json\/wp\/v2\/media\/1883"}],"wp:attachment":[{"href":"https:\/\/kervanmagazacilik.com\/index.php\/wp-json\/wp\/v2\/media?parent=1879"}],"wp:term":[{"taxonomy":"product_brand","embeddable":true,"href":"https:\/\/kervanmagazacilik.com\/index.php\/wp-json\/wp\/v2\/product_brand?post=1879"},{"taxonomy":"product_cat","embeddable":true,"href":"https:\/\/kervanmagazacilik.com\/index.php\/wp-json\/wp\/v2\/product_cat?post=1879"},{"taxonomy":"product_tag","embeddable":true,"href":"https:\/\/kervanmagazacilik.com\/index.php\/wp-json\/wp\/v2\/product_tag?post=1879"}],"curies":[{"name":"wp","href":"https:\/\/api.w.org\/{rel}","templated":true}]}}