{"id":18760,"date":"2024-12-05T16:33:45","date_gmt":"2024-12-05T13:33:45","guid":{"rendered":"https:\/\/kervanmagazacilik.com\/?post_type=product&#038;p=18760"},"modified":"2024-12-05T16:33:45","modified_gmt":"2024-12-05T13:33:45","slug":"759dee000079","status":"publish","type":"product","link":"https:\/\/kervanmagazacilik.com\/index.php\/urun\/759dee000079\/","title":{"rendered":"759DEE000079"},"content":{"rendered":"<p>759DEE000079<\/p>\n<p>GDWG-25401A DEKORATIF KASE KUCUK 29x29x12cm<\/p>\n<p>Kuru bez ile toz al\u0131nmal\u0131d\u0131r.<\/p>\n<p>&nbsp;<\/p>\n","protected":false},"excerpt":{"rendered":"<p>759DEE000079 GDWG-25401A DEKORATIF KASE KUCUK 29x29x12cm Kuru bez ile toz al\u0131nmal\u0131d\u0131r. &nbsp;<\/p>\n","protected":false},"featured_media":18761,"template":"","meta":[],"product_brand":[],"product_cat":[215],"product_tag":[4291],"class_list":{"0":"post-18760","1":"product","2":"type-product","3":"status-publish","4":"has-post-thumbnail","6":"product_cat-759dee","7":"product_tag-759dee000079","9":"first","10":"instock","11":"taxable","12":"shipping-taxable","13":"product-type-simple"},"_links":{"self":[{"href":"https:\/\/kervanmagazacilik.com\/index.php\/wp-json\/wp\/v2\/product\/18760","targetHints":{"allow":["GET"]}}],"collection":[{"href":"https:\/\/kervanmagazacilik.com\/index.php\/wp-json\/wp\/v2\/product"}],"about":[{"href":"https:\/\/kervanmagazacilik.com\/index.php\/wp-json\/wp\/v2\/types\/product"}],"wp:featuredmedia":[{"embeddable":true,"href":"https:\/\/kervanmagazacilik.com\/index.php\/wp-json\/wp\/v2\/media\/18761"}],"wp:attachment":[{"href":"https:\/\/kervanmagazacilik.com\/index.php\/wp-json\/wp\/v2\/media?parent=18760"}],"wp:term":[{"taxonomy":"product_brand","embeddable":true,"href":"https:\/\/kervanmagazacilik.com\/index.php\/wp-json\/wp\/v2\/product_brand?post=18760"},{"taxonomy":"product_cat","embeddable":true,"href":"https:\/\/kervanmagazacilik.com\/index.php\/wp-json\/wp\/v2\/product_cat?post=18760"},{"taxonomy":"product_tag","embeddable":true,"href":"https:\/\/kervanmagazacilik.com\/index.php\/wp-json\/wp\/v2\/product_tag?post=18760"}],"curies":[{"name":"wp","href":"https:\/\/api.w.org\/{rel}","templated":true}]}}