{"id":18704,"date":"2024-12-05T12:47:10","date_gmt":"2024-12-05T09:47:10","guid":{"rendered":"https:\/\/kervanmagazacilik.com\/?post_type=product&#038;p=18704"},"modified":"2024-12-05T12:47:10","modified_gmt":"2024-12-05T09:47:10","slug":"759mna000047","status":"publish","type":"product","link":"https:\/\/kervanmagazacilik.com\/index.php\/urun\/759mna000047\/","title":{"rendered":"759MNA000047"},"content":{"rendered":"<p>759MNA000047<\/p>\n<p>MA2626 \u00c7AN 14x8x21cm<\/p>\n<p>Kuru bez ile toz al\u0131nmal\u0131d\u0131r.<\/p>\n","protected":false},"excerpt":{"rendered":"<p>759MNA000047 MA2626 \u00c7AN 14x8x21cm Kuru bez ile toz al\u0131nmal\u0131d\u0131r.<\/p>\n","protected":false},"featured_media":18705,"template":"","meta":[],"product_brand":[],"product_cat":[4235],"product_tag":[4280],"class_list":{"0":"post-18704","1":"product","2":"type-product","3":"status-publish","4":"has-post-thumbnail","6":"product_cat-759mna","7":"product_tag-759mna000047","9":"first","10":"instock","11":"taxable","12":"shipping-taxable","13":"product-type-simple"},"_links":{"self":[{"href":"https:\/\/kervanmagazacilik.com\/index.php\/wp-json\/wp\/v2\/product\/18704","targetHints":{"allow":["GET"]}}],"collection":[{"href":"https:\/\/kervanmagazacilik.com\/index.php\/wp-json\/wp\/v2\/product"}],"about":[{"href":"https:\/\/kervanmagazacilik.com\/index.php\/wp-json\/wp\/v2\/types\/product"}],"wp:featuredmedia":[{"embeddable":true,"href":"https:\/\/kervanmagazacilik.com\/index.php\/wp-json\/wp\/v2\/media\/18705"}],"wp:attachment":[{"href":"https:\/\/kervanmagazacilik.com\/index.php\/wp-json\/wp\/v2\/media?parent=18704"}],"wp:term":[{"taxonomy":"product_brand","embeddable":true,"href":"https:\/\/kervanmagazacilik.com\/index.php\/wp-json\/wp\/v2\/product_brand?post=18704"},{"taxonomy":"product_cat","embeddable":true,"href":"https:\/\/kervanmagazacilik.com\/index.php\/wp-json\/wp\/v2\/product_cat?post=18704"},{"taxonomy":"product_tag","embeddable":true,"href":"https:\/\/kervanmagazacilik.com\/index.php\/wp-json\/wp\/v2\/product_tag?post=18704"}],"curies":[{"name":"wp","href":"https:\/\/api.w.org\/{rel}","templated":true}]}}