{"id":18669,"date":"2024-12-05T11:40:44","date_gmt":"2024-12-05T08:40:44","guid":{"rendered":"https:\/\/kervanmagazacilik.com\/?post_type=product&#038;p=18669"},"modified":"2024-12-05T11:40:45","modified_gmt":"2024-12-05T08:40:45","slug":"759mna000024","status":"publish","type":"product","link":"https:\/\/kervanmagazacilik.com\/index.php\/urun\/759mna000024\/","title":{"rendered":"759MNA000024"},"content":{"rendered":"<p>759MNA000024<\/p>\n<p>MA3691 VAZO BUYUK 23x23x30cm<\/p>\n<p>Su ile temas ettirilmemelidir. \u0130\u00e7ine sadece dekoratif yapay \u00e7i\u00e7ek konulmal\u0131d\u0131r.<\/p>\n","protected":false},"excerpt":{"rendered":"<p>759MNA000024 MA3691 VAZO BUYUK 23x23x30cm Su ile temas ettirilmemelidir. \u0130\u00e7ine sadece dekoratif yapay \u00e7i\u00e7ek konulmal\u0131d\u0131r.<\/p>\n","protected":false},"featured_media":18670,"template":"","meta":[],"product_brand":[],"product_cat":[4235],"product_tag":[4269],"class_list":{"0":"post-18669","1":"product","2":"type-product","3":"status-publish","4":"has-post-thumbnail","6":"product_cat-759mna","7":"product_tag-759mna000024","9":"first","10":"instock","11":"taxable","12":"shipping-taxable","13":"product-type-simple"},"_links":{"self":[{"href":"https:\/\/kervanmagazacilik.com\/index.php\/wp-json\/wp\/v2\/product\/18669","targetHints":{"allow":["GET"]}}],"collection":[{"href":"https:\/\/kervanmagazacilik.com\/index.php\/wp-json\/wp\/v2\/product"}],"about":[{"href":"https:\/\/kervanmagazacilik.com\/index.php\/wp-json\/wp\/v2\/types\/product"}],"wp:featuredmedia":[{"embeddable":true,"href":"https:\/\/kervanmagazacilik.com\/index.php\/wp-json\/wp\/v2\/media\/18670"}],"wp:attachment":[{"href":"https:\/\/kervanmagazacilik.com\/index.php\/wp-json\/wp\/v2\/media?parent=18669"}],"wp:term":[{"taxonomy":"product_brand","embeddable":true,"href":"https:\/\/kervanmagazacilik.com\/index.php\/wp-json\/wp\/v2\/product_brand?post=18669"},{"taxonomy":"product_cat","embeddable":true,"href":"https:\/\/kervanmagazacilik.com\/index.php\/wp-json\/wp\/v2\/product_cat?post=18669"},{"taxonomy":"product_tag","embeddable":true,"href":"https:\/\/kervanmagazacilik.com\/index.php\/wp-json\/wp\/v2\/product_tag?post=18669"}],"curies":[{"name":"wp","href":"https:\/\/api.w.org\/{rel}","templated":true}]}}