{"id":186,"date":"2024-08-08T14:26:30","date_gmt":"2024-08-08T11:26:30","guid":{"rendered":"https:\/\/kervanmagazacilik.com\/?post_type=product&#038;p=186"},"modified":"2024-08-12T14:48:09","modified_gmt":"2024-08-12T11:48:09","slug":"611ac0000525","status":"publish","type":"product","link":"https:\/\/kervanmagazacilik.com\/index.php\/urun\/611ac0000525\/","title":{"rendered":"611AC0000525"},"content":{"rendered":"<p>611AC0000525<\/p>\n<p>PAR\u0130S CH\u0130C MARK\u0130Z KREM-KAHVE<\/p>\n<p>42x143x53cm 9003904-409<\/p>\n","protected":false},"excerpt":{"rendered":"<p>611AC0000525 PAR\u0130S CH\u0130C MARK\u0130Z KREM-KAHVE 42x143x53cm 9003904-409<\/p>\n","protected":false},"featured_media":187,"template":"","meta":[],"product_brand":[],"product_cat":[42],"product_tag":[46],"class_list":{"0":"post-186","1":"product","2":"type-product","3":"status-publish","4":"has-post-thumbnail","6":"product_cat-611ac","7":"product_tag-611ac0000525","9":"first","10":"instock","11":"taxable","12":"shipping-taxable","13":"product-type-simple"},"_links":{"self":[{"href":"https:\/\/kervanmagazacilik.com\/index.php\/wp-json\/wp\/v2\/product\/186","targetHints":{"allow":["GET"]}}],"collection":[{"href":"https:\/\/kervanmagazacilik.com\/index.php\/wp-json\/wp\/v2\/product"}],"about":[{"href":"https:\/\/kervanmagazacilik.com\/index.php\/wp-json\/wp\/v2\/types\/product"}],"wp:featuredmedia":[{"embeddable":true,"href":"https:\/\/kervanmagazacilik.com\/index.php\/wp-json\/wp\/v2\/media\/187"}],"wp:attachment":[{"href":"https:\/\/kervanmagazacilik.com\/index.php\/wp-json\/wp\/v2\/media?parent=186"}],"wp:term":[{"taxonomy":"product_brand","embeddable":true,"href":"https:\/\/kervanmagazacilik.com\/index.php\/wp-json\/wp\/v2\/product_brand?post=186"},{"taxonomy":"product_cat","embeddable":true,"href":"https:\/\/kervanmagazacilik.com\/index.php\/wp-json\/wp\/v2\/product_cat?post=186"},{"taxonomy":"product_tag","embeddable":true,"href":"https:\/\/kervanmagazacilik.com\/index.php\/wp-json\/wp\/v2\/product_tag?post=186"}],"curies":[{"name":"wp","href":"https:\/\/api.w.org\/{rel}","templated":true}]}}