{"id":18581,"date":"2024-12-05T11:37:56","date_gmt":"2024-12-05T08:37:56","guid":{"rendered":"https:\/\/kervanmagazacilik.com\/?post_type=product&#038;p=18581"},"modified":"2024-12-05T11:37:56","modified_gmt":"2024-12-05T08:37:56","slug":"759mna000009","status":"publish","type":"product","link":"https:\/\/kervanmagazacilik.com\/index.php\/urun\/759mna000009\/","title":{"rendered":"759MNA000009"},"content":{"rendered":"<p>759MNA000009<\/p>\n<p>MA1388 VAZO KUCUK 16x16x30cm<\/p>\n<p>Su ile temas ettirilmemelidir. \u0130\u00e7ine sadece dekoratif yapay \u00e7i\u00e7ek konulmal\u0131d\u0131r.<\/p>\n","protected":false},"excerpt":{"rendered":"<p>759MNA000009 MA1388 VAZO KUCUK 16x16x30cm Su ile temas ettirilmemelidir. \u0130\u00e7ine sadece dekoratif yapay \u00e7i\u00e7ek konulmal\u0131d\u0131r.<\/p>\n","protected":false},"featured_media":18582,"template":"","meta":[],"product_brand":[],"product_cat":[4235],"product_tag":[4268],"class_list":{"0":"post-18581","1":"product","2":"type-product","3":"status-publish","4":"has-post-thumbnail","6":"product_cat-759mna","7":"product_tag-759mna000009","9":"first","10":"instock","11":"taxable","12":"shipping-taxable","13":"product-type-simple"},"_links":{"self":[{"href":"https:\/\/kervanmagazacilik.com\/index.php\/wp-json\/wp\/v2\/product\/18581","targetHints":{"allow":["GET"]}}],"collection":[{"href":"https:\/\/kervanmagazacilik.com\/index.php\/wp-json\/wp\/v2\/product"}],"about":[{"href":"https:\/\/kervanmagazacilik.com\/index.php\/wp-json\/wp\/v2\/types\/product"}],"wp:featuredmedia":[{"embeddable":true,"href":"https:\/\/kervanmagazacilik.com\/index.php\/wp-json\/wp\/v2\/media\/18582"}],"wp:attachment":[{"href":"https:\/\/kervanmagazacilik.com\/index.php\/wp-json\/wp\/v2\/media?parent=18581"}],"wp:term":[{"taxonomy":"product_brand","embeddable":true,"href":"https:\/\/kervanmagazacilik.com\/index.php\/wp-json\/wp\/v2\/product_brand?post=18581"},{"taxonomy":"product_cat","embeddable":true,"href":"https:\/\/kervanmagazacilik.com\/index.php\/wp-json\/wp\/v2\/product_cat?post=18581"},{"taxonomy":"product_tag","embeddable":true,"href":"https:\/\/kervanmagazacilik.com\/index.php\/wp-json\/wp\/v2\/product_tag?post=18581"}],"curies":[{"name":"wp","href":"https:\/\/api.w.org\/{rel}","templated":true}]}}