{"id":18568,"date":"2024-12-04T13:19:53","date_gmt":"2024-12-04T10:19:53","guid":{"rendered":"https:\/\/kervanmagazacilik.com\/?post_type=product&#038;p=18568"},"modified":"2024-12-04T13:19:53","modified_gmt":"2024-12-04T10:19:53","slug":"759mna000005","status":"publish","type":"product","link":"https:\/\/kervanmagazacilik.com\/index.php\/urun\/759mna000005\/","title":{"rendered":"759MNA000005"},"content":{"rendered":"<p>759MNA000005<\/p>\n<p>MA2958 SAKSI 30x30x13cm<\/p>\n<p>Su ile temas ettirilmemelidir. \u0130\u00e7ine sadece dekoratif yapay \u00e7i\u00e7ek konulmal\u0131d\u0131r.<\/p>\n","protected":false},"excerpt":{"rendered":"<p>759MNA000005 MA2958 SAKSI 30x30x13cm Su ile temas ettirilmemelidir. \u0130\u00e7ine sadece dekoratif yapay \u00e7i\u00e7ek konulmal\u0131d\u0131r.<\/p>\n","protected":false},"featured_media":18569,"template":"","meta":[],"product_brand":[],"product_cat":[4235],"product_tag":[4239],"class_list":{"0":"post-18568","1":"product","2":"type-product","3":"status-publish","4":"has-post-thumbnail","6":"product_cat-759mna","7":"product_tag-759mna000005","9":"first","10":"instock","11":"taxable","12":"shipping-taxable","13":"product-type-simple"},"_links":{"self":[{"href":"https:\/\/kervanmagazacilik.com\/index.php\/wp-json\/wp\/v2\/product\/18568","targetHints":{"allow":["GET"]}}],"collection":[{"href":"https:\/\/kervanmagazacilik.com\/index.php\/wp-json\/wp\/v2\/product"}],"about":[{"href":"https:\/\/kervanmagazacilik.com\/index.php\/wp-json\/wp\/v2\/types\/product"}],"wp:featuredmedia":[{"embeddable":true,"href":"https:\/\/kervanmagazacilik.com\/index.php\/wp-json\/wp\/v2\/media\/18569"}],"wp:attachment":[{"href":"https:\/\/kervanmagazacilik.com\/index.php\/wp-json\/wp\/v2\/media?parent=18568"}],"wp:term":[{"taxonomy":"product_brand","embeddable":true,"href":"https:\/\/kervanmagazacilik.com\/index.php\/wp-json\/wp\/v2\/product_brand?post=18568"},{"taxonomy":"product_cat","embeddable":true,"href":"https:\/\/kervanmagazacilik.com\/index.php\/wp-json\/wp\/v2\/product_cat?post=18568"},{"taxonomy":"product_tag","embeddable":true,"href":"https:\/\/kervanmagazacilik.com\/index.php\/wp-json\/wp\/v2\/product_tag?post=18568"}],"curies":[{"name":"wp","href":"https:\/\/api.w.org\/{rel}","templated":true}]}}