{"id":18556,"date":"2024-12-04T13:00:48","date_gmt":"2024-12-04T10:00:48","guid":{"rendered":"https:\/\/kervanmagazacilik.com\/?post_type=product&#038;p=18556"},"modified":"2024-12-04T13:04:55","modified_gmt":"2024-12-04T10:04:55","slug":"759mna000002","status":"publish","type":"product","link":"https:\/\/kervanmagazacilik.com\/index.php\/urun\/759mna000002\/","title":{"rendered":"759MNA000002"},"content":{"rendered":"<p>759MNA000002<\/p>\n<p>587981 AHSAP DEKORATIF TABAK 40x40x5cm<\/p>\n<p>Kuru bez ile toz al\u0131nmal\u0131d\u0131r.<\/p>\n","protected":false},"excerpt":{"rendered":"<p>759MNA000002 587981 AHSAP DEKORATIF TABAK 40x40x5cm Kuru bez ile toz al\u0131nmal\u0131d\u0131r.<\/p>\n","protected":false},"featured_media":18557,"template":"","meta":[],"product_brand":[],"product_cat":[4235],"product_tag":[4236],"class_list":{"0":"post-18556","1":"product","2":"type-product","3":"status-publish","4":"has-post-thumbnail","6":"product_cat-759mna","7":"product_tag-759mna000002","9":"first","10":"instock","11":"taxable","12":"shipping-taxable","13":"product-type-simple"},"_links":{"self":[{"href":"https:\/\/kervanmagazacilik.com\/index.php\/wp-json\/wp\/v2\/product\/18556","targetHints":{"allow":["GET"]}}],"collection":[{"href":"https:\/\/kervanmagazacilik.com\/index.php\/wp-json\/wp\/v2\/product"}],"about":[{"href":"https:\/\/kervanmagazacilik.com\/index.php\/wp-json\/wp\/v2\/types\/product"}],"wp:featuredmedia":[{"embeddable":true,"href":"https:\/\/kervanmagazacilik.com\/index.php\/wp-json\/wp\/v2\/media\/18557"}],"wp:attachment":[{"href":"https:\/\/kervanmagazacilik.com\/index.php\/wp-json\/wp\/v2\/media?parent=18556"}],"wp:term":[{"taxonomy":"product_brand","embeddable":true,"href":"https:\/\/kervanmagazacilik.com\/index.php\/wp-json\/wp\/v2\/product_brand?post=18556"},{"taxonomy":"product_cat","embeddable":true,"href":"https:\/\/kervanmagazacilik.com\/index.php\/wp-json\/wp\/v2\/product_cat?post=18556"},{"taxonomy":"product_tag","embeddable":true,"href":"https:\/\/kervanmagazacilik.com\/index.php\/wp-json\/wp\/v2\/product_tag?post=18556"}],"curies":[{"name":"wp","href":"https:\/\/api.w.org\/{rel}","templated":true}]}}