{"id":18500,"date":"2024-12-04T10:44:40","date_gmt":"2024-12-04T07:44:40","guid":{"rendered":"https:\/\/kervanmagazacilik.com\/?post_type=product&#038;p=18500"},"modified":"2024-12-04T10:44:41","modified_gmt":"2024-12-04T07:44:41","slug":"241hsh001665","status":"publish","type":"product","link":"https:\/\/kervanmagazacilik.com\/index.php\/urun\/241hsh001665\/","title":{"rendered":"241HSH001665"},"content":{"rendered":"<p>241HSH001665<\/p>\n<p>MESSA COK AMACLI ORTU 130X170 HARDAL<\/p>\n<p>30 derece narin y\u0131kama<br \/>\n\u00c7ama\u015f\u0131r suyu konamaz<br \/>\nKurutma makinesinde kurutulamaz<br \/>\n\u00dct\u00fcleme yap\u0131lmaz<\/p>\n","protected":false},"excerpt":{"rendered":"<p>241HSH001665 MESSA COK AMACLI ORTU 130X170 HARDAL 30 derece narin y\u0131kama \u00c7ama\u015f\u0131r suyu konamaz Kurutma makinesinde kurutulamaz \u00dct\u00fcleme yap\u0131lmaz<\/p>\n","protected":false},"featured_media":18501,"template":"","meta":[],"product_brand":[],"product_cat":[2922],"product_tag":[4217],"class_list":{"0":"post-18500","1":"product","2":"type-product","3":"status-publish","4":"has-post-thumbnail","6":"product_cat-241hsh","7":"product_tag-241hsh001665","9":"first","10":"instock","11":"taxable","12":"shipping-taxable","13":"product-type-simple"},"_links":{"self":[{"href":"https:\/\/kervanmagazacilik.com\/index.php\/wp-json\/wp\/v2\/product\/18500","targetHints":{"allow":["GET"]}}],"collection":[{"href":"https:\/\/kervanmagazacilik.com\/index.php\/wp-json\/wp\/v2\/product"}],"about":[{"href":"https:\/\/kervanmagazacilik.com\/index.php\/wp-json\/wp\/v2\/types\/product"}],"wp:featuredmedia":[{"embeddable":true,"href":"https:\/\/kervanmagazacilik.com\/index.php\/wp-json\/wp\/v2\/media\/18501"}],"wp:attachment":[{"href":"https:\/\/kervanmagazacilik.com\/index.php\/wp-json\/wp\/v2\/media?parent=18500"}],"wp:term":[{"taxonomy":"product_brand","embeddable":true,"href":"https:\/\/kervanmagazacilik.com\/index.php\/wp-json\/wp\/v2\/product_brand?post=18500"},{"taxonomy":"product_cat","embeddable":true,"href":"https:\/\/kervanmagazacilik.com\/index.php\/wp-json\/wp\/v2\/product_cat?post=18500"},{"taxonomy":"product_tag","embeddable":true,"href":"https:\/\/kervanmagazacilik.com\/index.php\/wp-json\/wp\/v2\/product_tag?post=18500"}],"curies":[{"name":"wp","href":"https:\/\/api.w.org\/{rel}","templated":true}]}}