{"id":18442,"date":"2024-12-03T23:33:38","date_gmt":"2024-12-03T20:33:38","guid":{"rendered":"https:\/\/kervanmagazacilik.com\/?post_type=product&#038;p=18442"},"modified":"2024-12-03T23:33:39","modified_gmt":"2024-12-03T20:33:39","slug":"072hsh000982","status":"publish","type":"product","link":"https:\/\/kervanmagazacilik.com\/index.php\/urun\/072hsh000982\/","title":{"rendered":"072HSH000982"},"content":{"rendered":"<p>072HSH000982<\/p>\n<p>SINTA KIRLENT 40X40 CAMEL<\/p>\n<p>30 derece narin y\u0131kama<br \/>\n\u00c7ama\u015f\u0131r suyu konamaz<br \/>\nKurutma makinesinde kurutulamaz<br \/>\n\u00dct\u00fcleme yap\u0131lmaz<\/p>\n","protected":false},"excerpt":{"rendered":"<p>072HSH000982 SINTA KIRLENT 40X40 CAMEL 30 derece narin y\u0131kama \u00c7ama\u015f\u0131r suyu konamaz Kurutma makinesinde kurutulamaz \u00dct\u00fcleme yap\u0131lmaz<\/p>\n","protected":false},"featured_media":18443,"template":"","meta":[],"product_brand":[],"product_cat":[2589],"product_tag":[4203],"class_list":{"0":"post-18442","1":"product","2":"type-product","3":"status-publish","4":"has-post-thumbnail","6":"product_cat-072hsh","7":"product_tag-072hsh000982","9":"first","10":"instock","11":"taxable","12":"shipping-taxable","13":"product-type-simple"},"_links":{"self":[{"href":"https:\/\/kervanmagazacilik.com\/index.php\/wp-json\/wp\/v2\/product\/18442","targetHints":{"allow":["GET"]}}],"collection":[{"href":"https:\/\/kervanmagazacilik.com\/index.php\/wp-json\/wp\/v2\/product"}],"about":[{"href":"https:\/\/kervanmagazacilik.com\/index.php\/wp-json\/wp\/v2\/types\/product"}],"wp:featuredmedia":[{"embeddable":true,"href":"https:\/\/kervanmagazacilik.com\/index.php\/wp-json\/wp\/v2\/media\/18443"}],"wp:attachment":[{"href":"https:\/\/kervanmagazacilik.com\/index.php\/wp-json\/wp\/v2\/media?parent=18442"}],"wp:term":[{"taxonomy":"product_brand","embeddable":true,"href":"https:\/\/kervanmagazacilik.com\/index.php\/wp-json\/wp\/v2\/product_brand?post=18442"},{"taxonomy":"product_cat","embeddable":true,"href":"https:\/\/kervanmagazacilik.com\/index.php\/wp-json\/wp\/v2\/product_cat?post=18442"},{"taxonomy":"product_tag","embeddable":true,"href":"https:\/\/kervanmagazacilik.com\/index.php\/wp-json\/wp\/v2\/product_tag?post=18442"}],"curies":[{"name":"wp","href":"https:\/\/api.w.org\/{rel}","templated":true}]}}