{"id":1831,"date":"2024-08-22T14:13:45","date_gmt":"2024-08-22T11:13:45","guid":{"rendered":"https:\/\/kervanmagazacilik.com\/?post_type=product&#038;p=1831"},"modified":"2024-08-22T14:13:46","modified_gmt":"2024-08-22T11:13:46","slug":"611pym000045","status":"publish","type":"product","link":"https:\/\/kervanmagazacilik.com\/index.php\/urun\/611pym000045\/","title":{"rendered":"611PYM000045"},"content":{"rendered":"<p>611PYM000045<\/p>\n<p>IPEK UCLU KOLTUK BEJ<\/p>\n<p>95x265x62cm (TUSPA 02-102)<\/p>\n<p>%50 POLYESTER-%50 COTTON<\/p>\n<p>TUSPA 02 &#8211; 102<\/p>\n<p>SADECE KURU TEM\u0130ZLEME YAPILAB\u0130L\u0130R.<\/p>\n","protected":false},"excerpt":{"rendered":"<p>611PYM000045 IPEK UCLU KOLTUK BEJ 95x265x62cm (TUSPA 02-102) %50 POLYESTER-%50 COTTON TUSPA 02 &#8211; 102 SADECE KURU TEM\u0130ZLEME YAPILAB\u0130L\u0130R.<\/p>\n","protected":false},"featured_media":1835,"template":"","meta":[],"product_brand":[],"product_cat":[73],"product_tag":[573],"class_list":{"0":"post-1831","1":"product","2":"type-product","3":"status-publish","4":"has-post-thumbnail","6":"product_cat-611pym","7":"product_tag-611pym000045","9":"first","10":"instock","11":"taxable","12":"shipping-taxable","13":"product-type-simple"},"_links":{"self":[{"href":"https:\/\/kervanmagazacilik.com\/index.php\/wp-json\/wp\/v2\/product\/1831","targetHints":{"allow":["GET"]}}],"collection":[{"href":"https:\/\/kervanmagazacilik.com\/index.php\/wp-json\/wp\/v2\/product"}],"about":[{"href":"https:\/\/kervanmagazacilik.com\/index.php\/wp-json\/wp\/v2\/types\/product"}],"wp:featuredmedia":[{"embeddable":true,"href":"https:\/\/kervanmagazacilik.com\/index.php\/wp-json\/wp\/v2\/media\/1835"}],"wp:attachment":[{"href":"https:\/\/kervanmagazacilik.com\/index.php\/wp-json\/wp\/v2\/media?parent=1831"}],"wp:term":[{"taxonomy":"product_brand","embeddable":true,"href":"https:\/\/kervanmagazacilik.com\/index.php\/wp-json\/wp\/v2\/product_brand?post=1831"},{"taxonomy":"product_cat","embeddable":true,"href":"https:\/\/kervanmagazacilik.com\/index.php\/wp-json\/wp\/v2\/product_cat?post=1831"},{"taxonomy":"product_tag","embeddable":true,"href":"https:\/\/kervanmagazacilik.com\/index.php\/wp-json\/wp\/v2\/product_tag?post=1831"}],"curies":[{"name":"wp","href":"https:\/\/api.w.org\/{rel}","templated":true}]}}