{"id":18240,"date":"2024-12-03T13:15:50","date_gmt":"2024-12-03T10:15:50","guid":{"rendered":"https:\/\/kervanmagazacilik.com\/?post_type=product&#038;p=18240"},"modified":"2024-12-03T13:15:50","modified_gmt":"2024-12-03T10:15:50","slug":"759nkd000005","status":"publish","type":"product","link":"https:\/\/kervanmagazacilik.com\/index.php\/urun\/759nkd000005\/","title":{"rendered":"759NKD000005"},"content":{"rendered":"<p>759NKD000005<\/p>\n<p>SAKSI DEM\u0130R BEYAZ ORTA 48x48x68cm NEK-012W<\/p>\n<p>Temiz ve kuru bir bez yard\u0131m\u0131 ile temizlenmelidir.<\/p>\n","protected":false},"excerpt":{"rendered":"<p>759NKD000005 SAKSI DEM\u0130R BEYAZ ORTA 48x48x68cm NEK-012W Temiz ve kuru bir bez yard\u0131m\u0131 ile temizlenmelidir.<\/p>\n","protected":false},"featured_media":18241,"template":"","meta":[],"product_brand":[],"product_cat":[4145],"product_tag":[4149],"class_list":{"0":"post-18240","1":"product","2":"type-product","3":"status-publish","4":"has-post-thumbnail","6":"product_cat-759nkd","7":"product_tag-759nkd000005","9":"first","10":"instock","11":"taxable","12":"shipping-taxable","13":"product-type-simple"},"_links":{"self":[{"href":"https:\/\/kervanmagazacilik.com\/index.php\/wp-json\/wp\/v2\/product\/18240","targetHints":{"allow":["GET"]}}],"collection":[{"href":"https:\/\/kervanmagazacilik.com\/index.php\/wp-json\/wp\/v2\/product"}],"about":[{"href":"https:\/\/kervanmagazacilik.com\/index.php\/wp-json\/wp\/v2\/types\/product"}],"wp:featuredmedia":[{"embeddable":true,"href":"https:\/\/kervanmagazacilik.com\/index.php\/wp-json\/wp\/v2\/media\/18241"}],"wp:attachment":[{"href":"https:\/\/kervanmagazacilik.com\/index.php\/wp-json\/wp\/v2\/media?parent=18240"}],"wp:term":[{"taxonomy":"product_brand","embeddable":true,"href":"https:\/\/kervanmagazacilik.com\/index.php\/wp-json\/wp\/v2\/product_brand?post=18240"},{"taxonomy":"product_cat","embeddable":true,"href":"https:\/\/kervanmagazacilik.com\/index.php\/wp-json\/wp\/v2\/product_cat?post=18240"},{"taxonomy":"product_tag","embeddable":true,"href":"https:\/\/kervanmagazacilik.com\/index.php\/wp-json\/wp\/v2\/product_tag?post=18240"}],"curies":[{"name":"wp","href":"https:\/\/api.w.org\/{rel}","templated":true}]}}