{"id":18227,"date":"2024-12-03T12:57:19","date_gmt":"2024-12-03T09:57:19","guid":{"rendered":"https:\/\/kervanmagazacilik.com\/?post_type=product&#038;p=18227"},"modified":"2024-12-03T12:57:19","modified_gmt":"2024-12-03T09:57:19","slug":"759ny0000037","status":"publish","type":"product","link":"https:\/\/kervanmagazacilik.com\/index.php\/urun\/759ny0000037\/","title":{"rendered":"759NY0000037"},"content":{"rendered":"<p>759NY0000037<\/p>\n<p>NYD036400 SAKSI 46x43x81cm<\/p>\n<p>Kuru bez ile toz al\u0131nmal\u0131d\u0131r.<br \/>\nD\u0131\u015f mekanda kullan\u0131lmamal\u0131d\u0131r.<\/p>\n","protected":false},"excerpt":{"rendered":"<p>759NY0000037 NYD036400 SAKSI 46x43x81cm Kuru bez ile toz al\u0131nmal\u0131d\u0131r. D\u0131\u015f mekanda kullan\u0131lmamal\u0131d\u0131r.<\/p>\n","protected":false},"featured_media":18228,"template":"","meta":[],"product_brand":[],"product_cat":[4123],"product_tag":[4144],"class_list":{"0":"post-18227","1":"product","2":"type-product","3":"status-publish","4":"has-post-thumbnail","6":"product_cat-759ny","7":"product_tag-759ny0000037","9":"first","10":"instock","11":"taxable","12":"shipping-taxable","13":"product-type-simple"},"_links":{"self":[{"href":"https:\/\/kervanmagazacilik.com\/index.php\/wp-json\/wp\/v2\/product\/18227","targetHints":{"allow":["GET"]}}],"collection":[{"href":"https:\/\/kervanmagazacilik.com\/index.php\/wp-json\/wp\/v2\/product"}],"about":[{"href":"https:\/\/kervanmagazacilik.com\/index.php\/wp-json\/wp\/v2\/types\/product"}],"wp:featuredmedia":[{"embeddable":true,"href":"https:\/\/kervanmagazacilik.com\/index.php\/wp-json\/wp\/v2\/media\/18228"}],"wp:attachment":[{"href":"https:\/\/kervanmagazacilik.com\/index.php\/wp-json\/wp\/v2\/media?parent=18227"}],"wp:term":[{"taxonomy":"product_brand","embeddable":true,"href":"https:\/\/kervanmagazacilik.com\/index.php\/wp-json\/wp\/v2\/product_brand?post=18227"},{"taxonomy":"product_cat","embeddable":true,"href":"https:\/\/kervanmagazacilik.com\/index.php\/wp-json\/wp\/v2\/product_cat?post=18227"},{"taxonomy":"product_tag","embeddable":true,"href":"https:\/\/kervanmagazacilik.com\/index.php\/wp-json\/wp\/v2\/product_tag?post=18227"}],"curies":[{"name":"wp","href":"https:\/\/api.w.org\/{rel}","templated":true}]}}