{"id":18223,"date":"2024-12-03T12:53:33","date_gmt":"2024-12-03T09:53:33","guid":{"rendered":"https:\/\/kervanmagazacilik.com\/?post_type=product&#038;p=18223"},"modified":"2024-12-03T12:53:33","modified_gmt":"2024-12-03T09:53:33","slug":"759ny0000036","status":"publish","type":"product","link":"https:\/\/kervanmagazacilik.com\/index.php\/urun\/759ny0000036\/","title":{"rendered":"759NY0000036"},"content":{"rendered":"<p>759NY0000036<\/p>\n<p>NYD033600 DEKORATIF OBJE 49x49x63cm<\/p>\n<p>D\u0131\u015f Mekanda kullan\u0131labilir.<\/p>\n","protected":false},"excerpt":{"rendered":"<p>759NY0000036 NYD033600 DEKORATIF OBJE 49x49x63cm D\u0131\u015f Mekanda kullan\u0131labilir.<\/p>\n","protected":false},"featured_media":18224,"template":"","meta":[],"product_brand":[],"product_cat":[4123],"product_tag":[4143],"class_list":{"0":"post-18223","1":"product","2":"type-product","3":"status-publish","4":"has-post-thumbnail","6":"product_cat-759ny","7":"product_tag-759ny0000036","9":"first","10":"instock","11":"taxable","12":"shipping-taxable","13":"product-type-simple"},"_links":{"self":[{"href":"https:\/\/kervanmagazacilik.com\/index.php\/wp-json\/wp\/v2\/product\/18223","targetHints":{"allow":["GET"]}}],"collection":[{"href":"https:\/\/kervanmagazacilik.com\/index.php\/wp-json\/wp\/v2\/product"}],"about":[{"href":"https:\/\/kervanmagazacilik.com\/index.php\/wp-json\/wp\/v2\/types\/product"}],"wp:featuredmedia":[{"embeddable":true,"href":"https:\/\/kervanmagazacilik.com\/index.php\/wp-json\/wp\/v2\/media\/18224"}],"wp:attachment":[{"href":"https:\/\/kervanmagazacilik.com\/index.php\/wp-json\/wp\/v2\/media?parent=18223"}],"wp:term":[{"taxonomy":"product_brand","embeddable":true,"href":"https:\/\/kervanmagazacilik.com\/index.php\/wp-json\/wp\/v2\/product_brand?post=18223"},{"taxonomy":"product_cat","embeddable":true,"href":"https:\/\/kervanmagazacilik.com\/index.php\/wp-json\/wp\/v2\/product_cat?post=18223"},{"taxonomy":"product_tag","embeddable":true,"href":"https:\/\/kervanmagazacilik.com\/index.php\/wp-json\/wp\/v2\/product_tag?post=18223"}],"curies":[{"name":"wp","href":"https:\/\/api.w.org\/{rel}","templated":true}]}}