{"id":18201,"date":"2024-12-03T12:31:04","date_gmt":"2024-12-03T09:31:04","guid":{"rendered":"https:\/\/kervanmagazacilik.com\/?post_type=product&#038;p=18201"},"modified":"2024-12-03T12:31:04","modified_gmt":"2024-12-03T09:31:04","slug":"759ny0000027","status":"publish","type":"product","link":"https:\/\/kervanmagazacilik.com\/index.php\/urun\/759ny0000027\/","title":{"rendered":"759NY0000027"},"content":{"rendered":"<p>759NY0000027<\/p>\n<p>NYJ130900A DEKORATIF AT 36x12x48cm<\/p>\n<p>Kuru bez ile toz al\u0131nmal\u0131d\u0131r.<\/p>\n","protected":false},"excerpt":{"rendered":"<p>759NY0000027 NYJ130900A DEKORATIF AT 36x12x48cm Kuru bez ile toz al\u0131nmal\u0131d\u0131r.<\/p>\n","protected":false},"featured_media":18202,"template":"","meta":[],"product_brand":[],"product_cat":[4123],"product_tag":[4137],"class_list":{"0":"post-18201","1":"product","2":"type-product","3":"status-publish","4":"has-post-thumbnail","6":"product_cat-759ny","7":"product_tag-759ny0000027","9":"first","10":"instock","11":"taxable","12":"shipping-taxable","13":"product-type-simple"},"_links":{"self":[{"href":"https:\/\/kervanmagazacilik.com\/index.php\/wp-json\/wp\/v2\/product\/18201","targetHints":{"allow":["GET"]}}],"collection":[{"href":"https:\/\/kervanmagazacilik.com\/index.php\/wp-json\/wp\/v2\/product"}],"about":[{"href":"https:\/\/kervanmagazacilik.com\/index.php\/wp-json\/wp\/v2\/types\/product"}],"wp:featuredmedia":[{"embeddable":true,"href":"https:\/\/kervanmagazacilik.com\/index.php\/wp-json\/wp\/v2\/media\/18202"}],"wp:attachment":[{"href":"https:\/\/kervanmagazacilik.com\/index.php\/wp-json\/wp\/v2\/media?parent=18201"}],"wp:term":[{"taxonomy":"product_brand","embeddable":true,"href":"https:\/\/kervanmagazacilik.com\/index.php\/wp-json\/wp\/v2\/product_brand?post=18201"},{"taxonomy":"product_cat","embeddable":true,"href":"https:\/\/kervanmagazacilik.com\/index.php\/wp-json\/wp\/v2\/product_cat?post=18201"},{"taxonomy":"product_tag","embeddable":true,"href":"https:\/\/kervanmagazacilik.com\/index.php\/wp-json\/wp\/v2\/product_tag?post=18201"}],"curies":[{"name":"wp","href":"https:\/\/api.w.org\/{rel}","templated":true}]}}