{"id":18193,"date":"2024-12-03T12:25:00","date_gmt":"2024-12-03T09:25:00","guid":{"rendered":"https:\/\/kervanmagazacilik.com\/?post_type=product&#038;p=18193"},"modified":"2024-12-03T12:25:00","modified_gmt":"2024-12-03T09:25:00","slug":"759ny0000025","status":"publish","type":"product","link":"https:\/\/kervanmagazacilik.com\/index.php\/urun\/759ny0000025\/","title":{"rendered":"759NY0000025"},"content":{"rendered":"<p>759NY0000025<\/p>\n<p>NY9666600 ADALET HEYKELI 24x14x33cm<\/p>\n<p>Kuru bez ile toz al\u0131nmal\u0131d\u0131r.<\/p>\n","protected":false},"excerpt":{"rendered":"<p>759NY0000025 NY9666600 ADALET HEYKELI 24x14x33cm Kuru bez ile toz al\u0131nmal\u0131d\u0131r.<\/p>\n","protected":false},"featured_media":18194,"template":"","meta":[],"product_brand":[],"product_cat":[4123],"product_tag":[4135],"class_list":{"0":"post-18193","1":"product","2":"type-product","3":"status-publish","4":"has-post-thumbnail","6":"product_cat-759ny","7":"product_tag-759ny0000025","9":"first","10":"instock","11":"taxable","12":"shipping-taxable","13":"product-type-simple"},"_links":{"self":[{"href":"https:\/\/kervanmagazacilik.com\/index.php\/wp-json\/wp\/v2\/product\/18193","targetHints":{"allow":["GET"]}}],"collection":[{"href":"https:\/\/kervanmagazacilik.com\/index.php\/wp-json\/wp\/v2\/product"}],"about":[{"href":"https:\/\/kervanmagazacilik.com\/index.php\/wp-json\/wp\/v2\/types\/product"}],"wp:featuredmedia":[{"embeddable":true,"href":"https:\/\/kervanmagazacilik.com\/index.php\/wp-json\/wp\/v2\/media\/18194"}],"wp:attachment":[{"href":"https:\/\/kervanmagazacilik.com\/index.php\/wp-json\/wp\/v2\/media?parent=18193"}],"wp:term":[{"taxonomy":"product_brand","embeddable":true,"href":"https:\/\/kervanmagazacilik.com\/index.php\/wp-json\/wp\/v2\/product_brand?post=18193"},{"taxonomy":"product_cat","embeddable":true,"href":"https:\/\/kervanmagazacilik.com\/index.php\/wp-json\/wp\/v2\/product_cat?post=18193"},{"taxonomy":"product_tag","embeddable":true,"href":"https:\/\/kervanmagazacilik.com\/index.php\/wp-json\/wp\/v2\/product_tag?post=18193"}],"curies":[{"name":"wp","href":"https:\/\/api.w.org\/{rel}","templated":true}]}}