{"id":18180,"date":"2024-12-03T10:25:58","date_gmt":"2024-12-03T07:25:58","guid":{"rendered":"https:\/\/kervanmagazacilik.com\/?post_type=product&#038;p=18180"},"modified":"2024-12-03T10:25:58","modified_gmt":"2024-12-03T07:25:58","slug":"759ny0000022","status":"publish","type":"product","link":"https:\/\/kervanmagazacilik.com\/index.php\/urun\/759ny0000022\/","title":{"rendered":"759NY0000022"},"content":{"rendered":"<p>759NY0000022<\/p>\n<p>NY9775900 DEKORATIF AT 53x11x43cm<\/p>\n<p>Kuru bez ile toz al\u0131nmal\u0131d\u0131r.<\/p>\n","protected":false},"excerpt":{"rendered":"<p>759NY0000022 NY9775900 DEKORATIF AT 53x11x43cm Kuru bez ile toz al\u0131nmal\u0131d\u0131r.<\/p>\n","protected":false},"featured_media":18181,"template":"","meta":[],"product_brand":[],"product_cat":[4123],"product_tag":[4131],"class_list":{"0":"post-18180","1":"product","2":"type-product","3":"status-publish","4":"has-post-thumbnail","6":"product_cat-759ny","7":"product_tag-759ny0000022","9":"first","10":"instock","11":"taxable","12":"shipping-taxable","13":"product-type-simple"},"_links":{"self":[{"href":"https:\/\/kervanmagazacilik.com\/index.php\/wp-json\/wp\/v2\/product\/18180","targetHints":{"allow":["GET"]}}],"collection":[{"href":"https:\/\/kervanmagazacilik.com\/index.php\/wp-json\/wp\/v2\/product"}],"about":[{"href":"https:\/\/kervanmagazacilik.com\/index.php\/wp-json\/wp\/v2\/types\/product"}],"wp:featuredmedia":[{"embeddable":true,"href":"https:\/\/kervanmagazacilik.com\/index.php\/wp-json\/wp\/v2\/media\/18181"}],"wp:attachment":[{"href":"https:\/\/kervanmagazacilik.com\/index.php\/wp-json\/wp\/v2\/media?parent=18180"}],"wp:term":[{"taxonomy":"product_brand","embeddable":true,"href":"https:\/\/kervanmagazacilik.com\/index.php\/wp-json\/wp\/v2\/product_brand?post=18180"},{"taxonomy":"product_cat","embeddable":true,"href":"https:\/\/kervanmagazacilik.com\/index.php\/wp-json\/wp\/v2\/product_cat?post=18180"},{"taxonomy":"product_tag","embeddable":true,"href":"https:\/\/kervanmagazacilik.com\/index.php\/wp-json\/wp\/v2\/product_tag?post=18180"}],"curies":[{"name":"wp","href":"https:\/\/api.w.org\/{rel}","templated":true}]}}