{"id":1818,"date":"2024-08-22T14:07:55","date_gmt":"2024-08-22T11:07:55","guid":{"rendered":"https:\/\/kervanmagazacilik.com\/?post_type=product&#038;p=1818"},"modified":"2024-08-22T14:07:55","modified_gmt":"2024-08-22T11:07:55","slug":"611pym000053","status":"publish","type":"product","link":"https:\/\/kervanmagazacilik.com\/index.php\/urun\/611pym000053\/","title":{"rendered":"611PYM000053"},"content":{"rendered":"<p>611PYM000053<\/p>\n<p>ZEN K\u00d6\u015eE KOLTUK SA\u011e K\u00d6\u015eE GR\u0130+SEHPA<\/p>\n<p>180x295x65cm (NATUREL 19)<\/p>\n<p>%50 AKR\u0130L\u0130K % 30 POLYESTER % 20 KOTON<\/p>\n<p>SADECE KURU TEM\u0130ZLEME YAPILAB\u0130L\u0130R.<\/p>\n<p>sehpa : 30-40x50x48cm<\/p>\n","protected":false},"excerpt":{"rendered":"<p>611PYM000053 ZEN K\u00d6\u015eE KOLTUK SA\u011e K\u00d6\u015eE GR\u0130+SEHPA 180x295x65cm (NATUREL 19) %50 AKR\u0130L\u0130K % 30 POLYESTER % 20 KOTON SADECE KURU TEM\u0130ZLEME YAPILAB\u0130L\u0130R. sehpa : 30-40x50x48cm<\/p>\n","protected":false},"featured_media":1823,"template":"","meta":[],"product_brand":[],"product_cat":[73],"product_tag":[571],"class_list":{"0":"post-1818","1":"product","2":"type-product","3":"status-publish","4":"has-post-thumbnail","6":"product_cat-611pym","7":"product_tag-611pym000053","9":"first","10":"instock","11":"taxable","12":"shipping-taxable","13":"product-type-simple"},"_links":{"self":[{"href":"https:\/\/kervanmagazacilik.com\/index.php\/wp-json\/wp\/v2\/product\/1818","targetHints":{"allow":["GET"]}}],"collection":[{"href":"https:\/\/kervanmagazacilik.com\/index.php\/wp-json\/wp\/v2\/product"}],"about":[{"href":"https:\/\/kervanmagazacilik.com\/index.php\/wp-json\/wp\/v2\/types\/product"}],"wp:featuredmedia":[{"embeddable":true,"href":"https:\/\/kervanmagazacilik.com\/index.php\/wp-json\/wp\/v2\/media\/1823"}],"wp:attachment":[{"href":"https:\/\/kervanmagazacilik.com\/index.php\/wp-json\/wp\/v2\/media?parent=1818"}],"wp:term":[{"taxonomy":"product_brand","embeddable":true,"href":"https:\/\/kervanmagazacilik.com\/index.php\/wp-json\/wp\/v2\/product_brand?post=1818"},{"taxonomy":"product_cat","embeddable":true,"href":"https:\/\/kervanmagazacilik.com\/index.php\/wp-json\/wp\/v2\/product_cat?post=1818"},{"taxonomy":"product_tag","embeddable":true,"href":"https:\/\/kervanmagazacilik.com\/index.php\/wp-json\/wp\/v2\/product_tag?post=1818"}],"curies":[{"name":"wp","href":"https:\/\/api.w.org\/{rel}","templated":true}]}}