{"id":18137,"date":"2024-12-02T23:26:49","date_gmt":"2024-12-02T20:26:49","guid":{"rendered":"https:\/\/kervanmagazacilik.com\/?post_type=product&#038;p=18137"},"modified":"2024-12-02T23:27:48","modified_gmt":"2024-12-02T20:27:48","slug":"759omx000013","status":"publish","type":"product","link":"https:\/\/kervanmagazacilik.com\/index.php\/urun\/759omx000013\/","title":{"rendered":"759OMX000013"},"content":{"rendered":"<p>759OMX000013<\/p>\n<p>OMX-106S SAKSI SILVER 58x86x70cm<\/p>\n<p>Kuru bez ile toz al\u0131nmal\u0131d\u0131r.<br \/>\nD\u0131\u015f mekanda kullan\u0131ma uygun de\u011fildir. Su ile temas ettirilmemelidir.<\/p>\n","protected":false},"excerpt":{"rendered":"<p>759OMX000013 OMX-106S SAKSI SILVER 58x86x70cm Kuru bez ile toz al\u0131nmal\u0131d\u0131r. D\u0131\u015f mekanda kullan\u0131ma uygun de\u011fildir. Su ile temas ettirilmemelidir.<\/p>\n","protected":false},"featured_media":18138,"template":"","meta":[],"product_brand":[],"product_cat":[251],"product_tag":[4119],"class_list":{"0":"post-18137","1":"product","2":"type-product","3":"status-publish","4":"has-post-thumbnail","6":"product_cat-759omx","7":"product_tag-759omx000013","9":"first","10":"instock","11":"taxable","12":"shipping-taxable","13":"product-type-simple"},"_links":{"self":[{"href":"https:\/\/kervanmagazacilik.com\/index.php\/wp-json\/wp\/v2\/product\/18137","targetHints":{"allow":["GET"]}}],"collection":[{"href":"https:\/\/kervanmagazacilik.com\/index.php\/wp-json\/wp\/v2\/product"}],"about":[{"href":"https:\/\/kervanmagazacilik.com\/index.php\/wp-json\/wp\/v2\/types\/product"}],"wp:featuredmedia":[{"embeddable":true,"href":"https:\/\/kervanmagazacilik.com\/index.php\/wp-json\/wp\/v2\/media\/18138"}],"wp:attachment":[{"href":"https:\/\/kervanmagazacilik.com\/index.php\/wp-json\/wp\/v2\/media?parent=18137"}],"wp:term":[{"taxonomy":"product_brand","embeddable":true,"href":"https:\/\/kervanmagazacilik.com\/index.php\/wp-json\/wp\/v2\/product_brand?post=18137"},{"taxonomy":"product_cat","embeddable":true,"href":"https:\/\/kervanmagazacilik.com\/index.php\/wp-json\/wp\/v2\/product_cat?post=18137"},{"taxonomy":"product_tag","embeddable":true,"href":"https:\/\/kervanmagazacilik.com\/index.php\/wp-json\/wp\/v2\/product_tag?post=18137"}],"curies":[{"name":"wp","href":"https:\/\/api.w.org\/{rel}","templated":true}]}}