{"id":18102,"date":"2024-12-02T23:06:38","date_gmt":"2024-12-02T20:06:38","guid":{"rendered":"https:\/\/kervanmagazacilik.com\/?post_type=product&#038;p=18102"},"modified":"2024-12-02T23:06:38","modified_gmt":"2024-12-02T20:06:38","slug":"732ozv000226","status":"publish","type":"product","link":"https:\/\/kervanmagazacilik.com\/index.php\/urun\/732ozv000226\/","title":{"rendered":"732OZV000226"},"content":{"rendered":"<p>732OZV000226<\/p>\n<p>KABARTMALI YAPRAK TABLO-1 90x120cm 65610630<\/p>\n<p>Kuru bezle toz al\u0131nmal\u0131d\u0131r. Asma aparatlar\u0131n\u0131n oldu\u011fu yerlerden as\u0131lmal\u0131d\u0131r. Ba\u015fka bir yerden asmay\u0131n\u0131z.<\/p>\n","protected":false},"excerpt":{"rendered":"<p>732OZV000226 KABARTMALI YAPRAK TABLO-1 90x120cm 65610630 Kuru bezle toz al\u0131nmal\u0131d\u0131r. Asma aparatlar\u0131n\u0131n oldu\u011fu yerlerden as\u0131lmal\u0131d\u0131r. Ba\u015fka bir yerden asmay\u0131n\u0131z.<\/p>\n","protected":false},"featured_media":18104,"template":"","meta":[],"product_brand":[],"product_cat":[194],"product_tag":[4108],"class_list":{"0":"post-18102","1":"product","2":"type-product","3":"status-publish","4":"has-post-thumbnail","6":"product_cat-732ozv","7":"product_tag-732ozv000226","9":"first","10":"instock","11":"taxable","12":"shipping-taxable","13":"product-type-simple"},"_links":{"self":[{"href":"https:\/\/kervanmagazacilik.com\/index.php\/wp-json\/wp\/v2\/product\/18102","targetHints":{"allow":["GET"]}}],"collection":[{"href":"https:\/\/kervanmagazacilik.com\/index.php\/wp-json\/wp\/v2\/product"}],"about":[{"href":"https:\/\/kervanmagazacilik.com\/index.php\/wp-json\/wp\/v2\/types\/product"}],"wp:featuredmedia":[{"embeddable":true,"href":"https:\/\/kervanmagazacilik.com\/index.php\/wp-json\/wp\/v2\/media\/18104"}],"wp:attachment":[{"href":"https:\/\/kervanmagazacilik.com\/index.php\/wp-json\/wp\/v2\/media?parent=18102"}],"wp:term":[{"taxonomy":"product_brand","embeddable":true,"href":"https:\/\/kervanmagazacilik.com\/index.php\/wp-json\/wp\/v2\/product_brand?post=18102"},{"taxonomy":"product_cat","embeddable":true,"href":"https:\/\/kervanmagazacilik.com\/index.php\/wp-json\/wp\/v2\/product_cat?post=18102"},{"taxonomy":"product_tag","embeddable":true,"href":"https:\/\/kervanmagazacilik.com\/index.php\/wp-json\/wp\/v2\/product_tag?post=18102"}],"curies":[{"name":"wp","href":"https:\/\/api.w.org\/{rel}","templated":true}]}}