{"id":1807,"date":"2024-08-22T13:59:16","date_gmt":"2024-08-22T10:59:16","guid":{"rendered":"https:\/\/kervanmagazacilik.com\/?post_type=product&#038;p=1807"},"modified":"2024-08-22T13:59:16","modified_gmt":"2024-08-22T10:59:16","slug":"611pym000056","status":"publish","type":"product","link":"https:\/\/kervanmagazacilik.com\/index.php\/urun\/611pym000056\/","title":{"rendered":"611PYM000056"},"content":{"rendered":"<p>611PYM000056<\/p>\n<p>ZEN K\u00d6\u015eE KOLTUK SA\u011e K\u00d6\u015eE BEJ+SEHPA<\/p>\n<p>180x295x65cm (NATUREL 09)<\/p>\n<p>%50 AKR\u0130L\u0130K % 30 POLYESTER % 20 KOTON<\/p>\n<p>SADECE KURU TEM\u0130ZLEME YAPILAB\u0130L\u0130R.<\/p>\n<p>sehpa : 30-40x50x48cm<\/p>\n","protected":false},"excerpt":{"rendered":"<p>611PYM000056 ZEN K\u00d6\u015eE KOLTUK SA\u011e K\u00d6\u015eE BEJ+SEHPA 180x295x65cm (NATUREL 09) %50 AKR\u0130L\u0130K % 30 POLYESTER % 20 KOTON SADECE KURU TEM\u0130ZLEME YAPILAB\u0130L\u0130R. sehpa : 30-40x50x48cm<\/p>\n","protected":false},"featured_media":1810,"template":"","meta":[],"product_brand":[],"product_cat":[73],"product_tag":[568],"class_list":{"0":"post-1807","1":"product","2":"type-product","3":"status-publish","4":"has-post-thumbnail","6":"product_cat-611pym","7":"product_tag-611pym000056","9":"first","10":"instock","11":"taxable","12":"shipping-taxable","13":"product-type-simple"},"_links":{"self":[{"href":"https:\/\/kervanmagazacilik.com\/index.php\/wp-json\/wp\/v2\/product\/1807","targetHints":{"allow":["GET"]}}],"collection":[{"href":"https:\/\/kervanmagazacilik.com\/index.php\/wp-json\/wp\/v2\/product"}],"about":[{"href":"https:\/\/kervanmagazacilik.com\/index.php\/wp-json\/wp\/v2\/types\/product"}],"wp:featuredmedia":[{"embeddable":true,"href":"https:\/\/kervanmagazacilik.com\/index.php\/wp-json\/wp\/v2\/media\/1810"}],"wp:attachment":[{"href":"https:\/\/kervanmagazacilik.com\/index.php\/wp-json\/wp\/v2\/media?parent=1807"}],"wp:term":[{"taxonomy":"product_brand","embeddable":true,"href":"https:\/\/kervanmagazacilik.com\/index.php\/wp-json\/wp\/v2\/product_brand?post=1807"},{"taxonomy":"product_cat","embeddable":true,"href":"https:\/\/kervanmagazacilik.com\/index.php\/wp-json\/wp\/v2\/product_cat?post=1807"},{"taxonomy":"product_tag","embeddable":true,"href":"https:\/\/kervanmagazacilik.com\/index.php\/wp-json\/wp\/v2\/product_tag?post=1807"}],"curies":[{"name":"wp","href":"https:\/\/api.w.org\/{rel}","templated":true}]}}