{"id":180,"date":"2024-08-08T13:57:35","date_gmt":"2024-08-08T10:57:35","guid":{"rendered":"https:\/\/kervanmagazacilik.com\/?post_type=product&#038;p=180"},"modified":"2024-08-12T14:48:49","modified_gmt":"2024-08-12T11:48:49","slug":"611ac0000524","status":"publish","type":"product","link":"https:\/\/kervanmagazacilik.com\/index.php\/urun\/611ac0000524\/","title":{"rendered":"611AC0000524"},"content":{"rendered":"<p>611AC0000524<\/p>\n<p>PAR\u0130S CH\u0130C UZANMA KOLTU\u011eU KREM-KAHVE<\/p>\n<p>178x79x89cm 9003841-CRMNI-409<\/p>\n<p>&nbsp;<\/p>\n","protected":false},"excerpt":{"rendered":"<p>611AC0000524 PAR\u0130S CH\u0130C UZANMA KOLTU\u011eU KREM-KAHVE 178x79x89cm 9003841-CRMNI-409 &nbsp;<\/p>\n","protected":false},"featured_media":181,"template":"","meta":[],"product_brand":[],"product_cat":[42],"product_tag":[43],"class_list":{"0":"post-180","1":"product","2":"type-product","3":"status-publish","4":"has-post-thumbnail","6":"product_cat-611ac","7":"product_tag-611ac0000524","9":"first","10":"instock","11":"taxable","12":"shipping-taxable","13":"product-type-simple"},"_links":{"self":[{"href":"https:\/\/kervanmagazacilik.com\/index.php\/wp-json\/wp\/v2\/product\/180","targetHints":{"allow":["GET"]}}],"collection":[{"href":"https:\/\/kervanmagazacilik.com\/index.php\/wp-json\/wp\/v2\/product"}],"about":[{"href":"https:\/\/kervanmagazacilik.com\/index.php\/wp-json\/wp\/v2\/types\/product"}],"wp:featuredmedia":[{"embeddable":true,"href":"https:\/\/kervanmagazacilik.com\/index.php\/wp-json\/wp\/v2\/media\/181"}],"wp:attachment":[{"href":"https:\/\/kervanmagazacilik.com\/index.php\/wp-json\/wp\/v2\/media?parent=180"}],"wp:term":[{"taxonomy":"product_brand","embeddable":true,"href":"https:\/\/kervanmagazacilik.com\/index.php\/wp-json\/wp\/v2\/product_brand?post=180"},{"taxonomy":"product_cat","embeddable":true,"href":"https:\/\/kervanmagazacilik.com\/index.php\/wp-json\/wp\/v2\/product_cat?post=180"},{"taxonomy":"product_tag","embeddable":true,"href":"https:\/\/kervanmagazacilik.com\/index.php\/wp-json\/wp\/v2\/product_tag?post=180"}],"curies":[{"name":"wp","href":"https:\/\/api.w.org\/{rel}","templated":true}]}}