{"id":17980,"date":"2024-12-02T10:01:37","date_gmt":"2024-12-02T07:01:37","guid":{"rendered":"https:\/\/kervanmagazacilik.com\/?post_type=product&#038;p=17980"},"modified":"2024-12-02T10:01:37","modified_gmt":"2024-12-02T07:01:37","slug":"759sb5000021","status":"publish","type":"product","link":"https:\/\/kervanmagazacilik.com\/index.php\/urun\/759sb5000021\/","title":{"rendered":"759SB5000021"},"content":{"rendered":"<p>759SB5000021<\/p>\n<p>14886 AYAKLI SERVIS TABAGI GOLD IRIS KOLEKSIYON 22x19x14cm<\/p>\n<p>Nemli s\u00fcnger ile elde \u0131l\u0131k su ile y\u0131kanabilir. \u00c7ok iyi kurulanmas\u0131 gerekmektedir, aksi durumda oksitlenme yapabilir.<\/p>\n","protected":false},"excerpt":{"rendered":"<p>759SB5000021 14886 AYAKLI SERVIS TABAGI GOLD IRIS KOLEKSIYON 22x19x14cm Nemli s\u00fcnger ile elde \u0131l\u0131k su ile y\u0131kanabilir. \u00c7ok iyi kurulanmas\u0131 gerekmektedir, aksi durumda oksitlenme yapabilir.<\/p>\n","protected":false},"featured_media":17981,"template":"","meta":[],"product_brand":[],"product_cat":[4038],"product_tag":[4070],"class_list":{"0":"post-17980","1":"product","2":"type-product","3":"status-publish","4":"has-post-thumbnail","6":"product_cat-759sb5","7":"product_tag-759sb5000021","9":"first","10":"instock","11":"taxable","12":"shipping-taxable","13":"product-type-simple"},"_links":{"self":[{"href":"https:\/\/kervanmagazacilik.com\/index.php\/wp-json\/wp\/v2\/product\/17980","targetHints":{"allow":["GET"]}}],"collection":[{"href":"https:\/\/kervanmagazacilik.com\/index.php\/wp-json\/wp\/v2\/product"}],"about":[{"href":"https:\/\/kervanmagazacilik.com\/index.php\/wp-json\/wp\/v2\/types\/product"}],"wp:featuredmedia":[{"embeddable":true,"href":"https:\/\/kervanmagazacilik.com\/index.php\/wp-json\/wp\/v2\/media\/17981"}],"wp:attachment":[{"href":"https:\/\/kervanmagazacilik.com\/index.php\/wp-json\/wp\/v2\/media?parent=17980"}],"wp:term":[{"taxonomy":"product_brand","embeddable":true,"href":"https:\/\/kervanmagazacilik.com\/index.php\/wp-json\/wp\/v2\/product_brand?post=17980"},{"taxonomy":"product_cat","embeddable":true,"href":"https:\/\/kervanmagazacilik.com\/index.php\/wp-json\/wp\/v2\/product_cat?post=17980"},{"taxonomy":"product_tag","embeddable":true,"href":"https:\/\/kervanmagazacilik.com\/index.php\/wp-json\/wp\/v2\/product_tag?post=17980"}],"curies":[{"name":"wp","href":"https:\/\/api.w.org\/{rel}","templated":true}]}}