{"id":17969,"date":"2024-12-02T09:53:59","date_gmt":"2024-12-02T06:53:59","guid":{"rendered":"https:\/\/kervanmagazacilik.com\/?post_type=product&#038;p=17969"},"modified":"2024-12-02T09:54:00","modified_gmt":"2024-12-02T06:54:00","slug":"759sb5000018","status":"publish","type":"product","link":"https:\/\/kervanmagazacilik.com\/index.php\/urun\/759sb5000018\/","title":{"rendered":"759SB5000018"},"content":{"rendered":"<p>759SB5000018<\/p>\n<p>14880 KAPAKLI KAVANOZ GOLD IRIS KOLEKSIYON 13x10x21cm<\/p>\n<p>Cam par\u00e7alar elde y\u0131kanabilir, metal k\u0131s\u0131mlar su ile temas ettirilirse \u00e7ok iyi kurulanmal\u0131d\u0131r.<\/p>\n","protected":false},"excerpt":{"rendered":"<p>759SB5000018 14880 KAPAKLI KAVANOZ GOLD IRIS KOLEKSIYON 13x10x21cm Cam par\u00e7alar elde y\u0131kanabilir, metal k\u0131s\u0131mlar su ile temas ettirilirse \u00e7ok iyi kurulanmal\u0131d\u0131r.<\/p>\n","protected":false},"featured_media":17974,"template":"","meta":[],"product_brand":[],"product_cat":[4038],"product_tag":[4068],"class_list":{"0":"post-17969","1":"product","2":"type-product","3":"status-publish","4":"has-post-thumbnail","6":"product_cat-759sb5","7":"product_tag-759sb5000018","9":"first","10":"instock","11":"taxable","12":"shipping-taxable","13":"product-type-simple"},"_links":{"self":[{"href":"https:\/\/kervanmagazacilik.com\/index.php\/wp-json\/wp\/v2\/product\/17969","targetHints":{"allow":["GET"]}}],"collection":[{"href":"https:\/\/kervanmagazacilik.com\/index.php\/wp-json\/wp\/v2\/product"}],"about":[{"href":"https:\/\/kervanmagazacilik.com\/index.php\/wp-json\/wp\/v2\/types\/product"}],"wp:featuredmedia":[{"embeddable":true,"href":"https:\/\/kervanmagazacilik.com\/index.php\/wp-json\/wp\/v2\/media\/17974"}],"wp:attachment":[{"href":"https:\/\/kervanmagazacilik.com\/index.php\/wp-json\/wp\/v2\/media?parent=17969"}],"wp:term":[{"taxonomy":"product_brand","embeddable":true,"href":"https:\/\/kervanmagazacilik.com\/index.php\/wp-json\/wp\/v2\/product_brand?post=17969"},{"taxonomy":"product_cat","embeddable":true,"href":"https:\/\/kervanmagazacilik.com\/index.php\/wp-json\/wp\/v2\/product_cat?post=17969"},{"taxonomy":"product_tag","embeddable":true,"href":"https:\/\/kervanmagazacilik.com\/index.php\/wp-json\/wp\/v2\/product_tag?post=17969"}],"curies":[{"name":"wp","href":"https:\/\/api.w.org\/{rel}","templated":true}]}}