{"id":17949,"date":"2024-12-02T01:23:24","date_gmt":"2024-12-01T22:23:24","guid":{"rendered":"https:\/\/kervanmagazacilik.com\/?post_type=product&#038;p=17949"},"modified":"2024-12-02T01:23:25","modified_gmt":"2024-12-01T22:23:25","slug":"759sb5000012","status":"publish","type":"product","link":"https:\/\/kervanmagazacilik.com\/index.php\/urun\/759sb5000012\/","title":{"rendered":"759SB5000012"},"content":{"rendered":"<p>759SB5000012<\/p>\n<p>14873 KEK STANDI GOLD IRIS KOLEKSIYON 30x29x28cm<\/p>\n<p>Nemli s\u00fcnger ile elde \u0131l\u0131k su ile y\u0131kanabilir. \u00c7ok iyi kurulanmas\u0131 gerekmektedir, aksi durumda oksitlenme yapabilir.<\/p>\n","protected":false},"excerpt":{"rendered":"<p>759SB5000012 14873 KEK STANDI GOLD IRIS KOLEKSIYON 30x29x28cm Nemli s\u00fcnger ile elde \u0131l\u0131k su ile y\u0131kanabilir. \u00c7ok iyi kurulanmas\u0131 gerekmektedir, aksi durumda oksitlenme yapabilir.<\/p>\n","protected":false},"featured_media":17950,"template":"","meta":[],"product_brand":[],"product_cat":[4038],"product_tag":[4061],"class_list":{"0":"post-17949","1":"product","2":"type-product","3":"status-publish","4":"has-post-thumbnail","6":"product_cat-759sb5","7":"product_tag-759sb5000012","9":"first","10":"instock","11":"taxable","12":"shipping-taxable","13":"product-type-simple"},"_links":{"self":[{"href":"https:\/\/kervanmagazacilik.com\/index.php\/wp-json\/wp\/v2\/product\/17949","targetHints":{"allow":["GET"]}}],"collection":[{"href":"https:\/\/kervanmagazacilik.com\/index.php\/wp-json\/wp\/v2\/product"}],"about":[{"href":"https:\/\/kervanmagazacilik.com\/index.php\/wp-json\/wp\/v2\/types\/product"}],"wp:featuredmedia":[{"embeddable":true,"href":"https:\/\/kervanmagazacilik.com\/index.php\/wp-json\/wp\/v2\/media\/17950"}],"wp:attachment":[{"href":"https:\/\/kervanmagazacilik.com\/index.php\/wp-json\/wp\/v2\/media?parent=17949"}],"wp:term":[{"taxonomy":"product_brand","embeddable":true,"href":"https:\/\/kervanmagazacilik.com\/index.php\/wp-json\/wp\/v2\/product_brand?post=17949"},{"taxonomy":"product_cat","embeddable":true,"href":"https:\/\/kervanmagazacilik.com\/index.php\/wp-json\/wp\/v2\/product_cat?post=17949"},{"taxonomy":"product_tag","embeddable":true,"href":"https:\/\/kervanmagazacilik.com\/index.php\/wp-json\/wp\/v2\/product_tag?post=17949"}],"curies":[{"name":"wp","href":"https:\/\/api.w.org\/{rel}","templated":true}]}}