{"id":1790,"date":"2024-08-22T12:52:44","date_gmt":"2024-08-22T09:52:44","guid":{"rendered":"https:\/\/kervanmagazacilik.com\/?post_type=product&#038;p=1790"},"modified":"2024-08-22T12:52:44","modified_gmt":"2024-08-22T09:52:44","slug":"611pym000066","status":"publish","type":"product","link":"https:\/\/kervanmagazacilik.com\/index.php\/urun\/611pym000066\/","title":{"rendered":"611PYM000066"},"content":{"rendered":"<p>611PYM000066<\/p>\n<p>VICTORIA \u00dc\u00c7L\u00dc KOLTUK KAPITONELI AQUA<\/p>\n<p>90x240x75cm<\/p>\n<p>%50 VISCON+%15 KETEN+ %20 COTON % 15POLYESTER KETEN<\/p>\n<p>Kuma\u015f Temizli\u011fi;<br \/>\nG\u00fcne\u015ften uzak tutulmal\u0131d\u0131r. Temizlerken kimyasal madde kullan\u0131lmamal\u0131d\u0131r.<br \/>\nProfesyonel temizleme deste\u011fi \u00f6nerilir.<\/p>\n","protected":false},"excerpt":{"rendered":"<p>611PYM000066 VICTORIA \u00dc\u00c7L\u00dc KOLTUK KAPITONELI AQUA 90x240x75cm %50 VISCON+%15 KETEN+ %20 COTON % 15POLYESTER KETEN Kuma\u015f Temizli\u011fi; G\u00fcne\u015ften uzak tutulmal\u0131d\u0131r. Temizlerken kimyasal madde kullan\u0131lmamal\u0131d\u0131r. Profesyonel temizleme deste\u011fi \u00f6nerilir.<\/p>\n","protected":false},"featured_media":1791,"template":"","meta":[],"product_brand":[],"product_cat":[73],"product_tag":[564],"class_list":{"0":"post-1790","1":"product","2":"type-product","3":"status-publish","4":"has-post-thumbnail","6":"product_cat-611pym","7":"product_tag-611pym000066","9":"first","10":"instock","11":"taxable","12":"shipping-taxable","13":"product-type-simple"},"_links":{"self":[{"href":"https:\/\/kervanmagazacilik.com\/index.php\/wp-json\/wp\/v2\/product\/1790","targetHints":{"allow":["GET"]}}],"collection":[{"href":"https:\/\/kervanmagazacilik.com\/index.php\/wp-json\/wp\/v2\/product"}],"about":[{"href":"https:\/\/kervanmagazacilik.com\/index.php\/wp-json\/wp\/v2\/types\/product"}],"wp:featuredmedia":[{"embeddable":true,"href":"https:\/\/kervanmagazacilik.com\/index.php\/wp-json\/wp\/v2\/media\/1791"}],"wp:attachment":[{"href":"https:\/\/kervanmagazacilik.com\/index.php\/wp-json\/wp\/v2\/media?parent=1790"}],"wp:term":[{"taxonomy":"product_brand","embeddable":true,"href":"https:\/\/kervanmagazacilik.com\/index.php\/wp-json\/wp\/v2\/product_brand?post=1790"},{"taxonomy":"product_cat","embeddable":true,"href":"https:\/\/kervanmagazacilik.com\/index.php\/wp-json\/wp\/v2\/product_cat?post=1790"},{"taxonomy":"product_tag","embeddable":true,"href":"https:\/\/kervanmagazacilik.com\/index.php\/wp-json\/wp\/v2\/product_tag?post=1790"}],"curies":[{"name":"wp","href":"https:\/\/api.w.org\/{rel}","templated":true}]}}