{"id":17873,"date":"2024-12-02T00:20:30","date_gmt":"2024-12-01T21:20:30","guid":{"rendered":"https:\/\/kervanmagazacilik.com\/?post_type=product&#038;p=17873"},"modified":"2024-12-02T00:20:30","modified_gmt":"2024-12-01T21:20:30","slug":"759sb3000035","status":"publish","type":"product","link":"https:\/\/kervanmagazacilik.com\/index.php\/urun\/759sb3000035\/","title":{"rendered":"759SB3000035"},"content":{"rendered":"<p>759SB3000035<\/p>\n<p>15326 TUZLUK &#8211; BIBERLIK NAR KOLEKSIYON 13x4x17cm<\/p>\n<p>Cam par\u00e7alar elde y\u0131kanabilir, metal k\u0131s\u0131mlara su ile temas ettirilmemelidir.<\/p>\n","protected":false},"excerpt":{"rendered":"<p>759SB3000035 15326 TUZLUK &#8211; BIBERLIK NAR KOLEKSIYON 13x4x17cm Cam par\u00e7alar elde y\u0131kanabilir, metal k\u0131s\u0131mlara su ile temas ettirilmemelidir.<\/p>\n","protected":false},"featured_media":17874,"template":"","meta":[],"product_brand":[],"product_cat":[4013],"product_tag":[4036],"class_list":{"0":"post-17873","1":"product","2":"type-product","3":"status-publish","4":"has-post-thumbnail","6":"product_cat-759sb3","7":"product_tag-759sb3000035","9":"first","10":"instock","11":"taxable","12":"shipping-taxable","13":"product-type-simple"},"_links":{"self":[{"href":"https:\/\/kervanmagazacilik.com\/index.php\/wp-json\/wp\/v2\/product\/17873","targetHints":{"allow":["GET"]}}],"collection":[{"href":"https:\/\/kervanmagazacilik.com\/index.php\/wp-json\/wp\/v2\/product"}],"about":[{"href":"https:\/\/kervanmagazacilik.com\/index.php\/wp-json\/wp\/v2\/types\/product"}],"wp:featuredmedia":[{"embeddable":true,"href":"https:\/\/kervanmagazacilik.com\/index.php\/wp-json\/wp\/v2\/media\/17874"}],"wp:attachment":[{"href":"https:\/\/kervanmagazacilik.com\/index.php\/wp-json\/wp\/v2\/media?parent=17873"}],"wp:term":[{"taxonomy":"product_brand","embeddable":true,"href":"https:\/\/kervanmagazacilik.com\/index.php\/wp-json\/wp\/v2\/product_brand?post=17873"},{"taxonomy":"product_cat","embeddable":true,"href":"https:\/\/kervanmagazacilik.com\/index.php\/wp-json\/wp\/v2\/product_cat?post=17873"},{"taxonomy":"product_tag","embeddable":true,"href":"https:\/\/kervanmagazacilik.com\/index.php\/wp-json\/wp\/v2\/product_tag?post=17873"}],"curies":[{"name":"wp","href":"https:\/\/api.w.org\/{rel}","templated":true}]}}