{"id":17870,"date":"2024-12-02T00:18:31","date_gmt":"2024-12-01T21:18:31","guid":{"rendered":"https:\/\/kervanmagazacilik.com\/?post_type=product&#038;p=17870"},"modified":"2024-12-02T00:18:31","modified_gmt":"2024-12-01T21:18:31","slug":"759sb3000034","status":"publish","type":"product","link":"https:\/\/kervanmagazacilik.com\/index.php\/urun\/759sb3000034\/","title":{"rendered":"759SB3000034"},"content":{"rendered":"<p>759SB3000034<\/p>\n<p>15325 2&#8217;LI BAHARATLIK NAR KOLEKSIYON 18x9x24cm<\/p>\n<p>Cam par\u00e7alar elde y\u0131kanabilir, metal k\u0131s\u0131mlara su ile temas ettirilmemelidir.<\/p>\n","protected":false},"excerpt":{"rendered":"<p>759SB3000034 15325 2&#8217;LI BAHARATLIK NAR KOLEKSIYON 18x9x24cm Cam par\u00e7alar elde y\u0131kanabilir, metal k\u0131s\u0131mlara su ile temas ettirilmemelidir.<\/p>\n","protected":false},"featured_media":17871,"template":"","meta":[],"product_brand":[],"product_cat":[4013],"product_tag":[4035],"class_list":{"0":"post-17870","1":"product","2":"type-product","3":"status-publish","4":"has-post-thumbnail","6":"product_cat-759sb3","7":"product_tag-759sb3000034","9":"first","10":"instock","11":"taxable","12":"shipping-taxable","13":"product-type-simple"},"_links":{"self":[{"href":"https:\/\/kervanmagazacilik.com\/index.php\/wp-json\/wp\/v2\/product\/17870","targetHints":{"allow":["GET"]}}],"collection":[{"href":"https:\/\/kervanmagazacilik.com\/index.php\/wp-json\/wp\/v2\/product"}],"about":[{"href":"https:\/\/kervanmagazacilik.com\/index.php\/wp-json\/wp\/v2\/types\/product"}],"wp:featuredmedia":[{"embeddable":true,"href":"https:\/\/kervanmagazacilik.com\/index.php\/wp-json\/wp\/v2\/media\/17871"}],"wp:attachment":[{"href":"https:\/\/kervanmagazacilik.com\/index.php\/wp-json\/wp\/v2\/media?parent=17870"}],"wp:term":[{"taxonomy":"product_brand","embeddable":true,"href":"https:\/\/kervanmagazacilik.com\/index.php\/wp-json\/wp\/v2\/product_brand?post=17870"},{"taxonomy":"product_cat","embeddable":true,"href":"https:\/\/kervanmagazacilik.com\/index.php\/wp-json\/wp\/v2\/product_cat?post=17870"},{"taxonomy":"product_tag","embeddable":true,"href":"https:\/\/kervanmagazacilik.com\/index.php\/wp-json\/wp\/v2\/product_tag?post=17870"}],"curies":[{"name":"wp","href":"https:\/\/api.w.org\/{rel}","templated":true}]}}