{"id":17861,"date":"2024-12-02T00:14:05","date_gmt":"2024-12-01T21:14:05","guid":{"rendered":"https:\/\/kervanmagazacilik.com\/?post_type=product&#038;p=17861"},"modified":"2024-12-02T00:14:06","modified_gmt":"2024-12-01T21:14:06","slug":"759sb3000032","status":"publish","type":"product","link":"https:\/\/kervanmagazacilik.com\/index.php\/urun\/759sb3000032\/","title":{"rendered":"759SB3000032"},"content":{"rendered":"<p>759SB3000032<\/p>\n<p>15323 KEK STANDI NAR KOLEKSIYON 31x29x28cm<\/p>\n<p>Cam par\u00e7alar elde y\u0131kanabilir, metal k\u0131s\u0131mlara su ile temas ettirilmemelidir.<\/p>\n","protected":false},"excerpt":{"rendered":"<p>759SB3000032 15323 KEK STANDI NAR KOLEKSIYON 31x29x28cm Cam par\u00e7alar elde y\u0131kanabilir, metal k\u0131s\u0131mlara su ile temas ettirilmemelidir.<\/p>\n","protected":false},"featured_media":17862,"template":"","meta":[],"product_brand":[],"product_cat":[4013],"product_tag":[4033],"class_list":{"0":"post-17861","1":"product","2":"type-product","3":"status-publish","4":"has-post-thumbnail","6":"product_cat-759sb3","7":"product_tag-759sb3000032","9":"first","10":"instock","11":"taxable","12":"shipping-taxable","13":"product-type-simple"},"_links":{"self":[{"href":"https:\/\/kervanmagazacilik.com\/index.php\/wp-json\/wp\/v2\/product\/17861","targetHints":{"allow":["GET"]}}],"collection":[{"href":"https:\/\/kervanmagazacilik.com\/index.php\/wp-json\/wp\/v2\/product"}],"about":[{"href":"https:\/\/kervanmagazacilik.com\/index.php\/wp-json\/wp\/v2\/types\/product"}],"wp:featuredmedia":[{"embeddable":true,"href":"https:\/\/kervanmagazacilik.com\/index.php\/wp-json\/wp\/v2\/media\/17862"}],"wp:attachment":[{"href":"https:\/\/kervanmagazacilik.com\/index.php\/wp-json\/wp\/v2\/media?parent=17861"}],"wp:term":[{"taxonomy":"product_brand","embeddable":true,"href":"https:\/\/kervanmagazacilik.com\/index.php\/wp-json\/wp\/v2\/product_brand?post=17861"},{"taxonomy":"product_cat","embeddable":true,"href":"https:\/\/kervanmagazacilik.com\/index.php\/wp-json\/wp\/v2\/product_cat?post=17861"},{"taxonomy":"product_tag","embeddable":true,"href":"https:\/\/kervanmagazacilik.com\/index.php\/wp-json\/wp\/v2\/product_tag?post=17861"}],"curies":[{"name":"wp","href":"https:\/\/api.w.org\/{rel}","templated":true}]}}