{"id":17851,"date":"2024-12-02T00:08:23","date_gmt":"2024-12-01T21:08:23","guid":{"rendered":"https:\/\/kervanmagazacilik.com\/?post_type=product&#038;p=17851"},"modified":"2024-12-02T00:08:24","modified_gmt":"2024-12-01T21:08:24","slug":"759sb3000030","status":"publish","type":"product","link":"https:\/\/kervanmagazacilik.com\/index.php\/urun\/759sb3000030\/","title":{"rendered":"759SB3000030"},"content":{"rendered":"<p>759SB3000030<\/p>\n<p>15321 2&#8217;LI SERVIS NAR KOLEKSIYON 33x7x2cm<\/p>\n<p>Nemli s\u00fcnger ile elde \u0131l\u0131k su ile y\u0131kanabilir. \u00c7ok iyi kurulanmas\u0131 gerekmektedir, aksi durumda oksitlenme yapabilir.<\/p>\n","protected":false},"excerpt":{"rendered":"<p>759SB3000030 15321 2&#8217;LI SERVIS NAR KOLEKSIYON 33x7x2cm Nemli s\u00fcnger ile elde \u0131l\u0131k su ile y\u0131kanabilir. \u00c7ok iyi kurulanmas\u0131 gerekmektedir, aksi durumda oksitlenme yapabilir.<\/p>\n","protected":false},"featured_media":17852,"template":"","meta":[],"product_brand":[],"product_cat":[4013],"product_tag":[4031],"class_list":{"0":"post-17851","1":"product","2":"type-product","3":"status-publish","4":"has-post-thumbnail","6":"product_cat-759sb3","7":"product_tag-759sb3000030","9":"first","10":"instock","11":"taxable","12":"shipping-taxable","13":"product-type-simple"},"_links":{"self":[{"href":"https:\/\/kervanmagazacilik.com\/index.php\/wp-json\/wp\/v2\/product\/17851","targetHints":{"allow":["GET"]}}],"collection":[{"href":"https:\/\/kervanmagazacilik.com\/index.php\/wp-json\/wp\/v2\/product"}],"about":[{"href":"https:\/\/kervanmagazacilik.com\/index.php\/wp-json\/wp\/v2\/types\/product"}],"wp:featuredmedia":[{"embeddable":true,"href":"https:\/\/kervanmagazacilik.com\/index.php\/wp-json\/wp\/v2\/media\/17852"}],"wp:attachment":[{"href":"https:\/\/kervanmagazacilik.com\/index.php\/wp-json\/wp\/v2\/media?parent=17851"}],"wp:term":[{"taxonomy":"product_brand","embeddable":true,"href":"https:\/\/kervanmagazacilik.com\/index.php\/wp-json\/wp\/v2\/product_brand?post=17851"},{"taxonomy":"product_cat","embeddable":true,"href":"https:\/\/kervanmagazacilik.com\/index.php\/wp-json\/wp\/v2\/product_cat?post=17851"},{"taxonomy":"product_tag","embeddable":true,"href":"https:\/\/kervanmagazacilik.com\/index.php\/wp-json\/wp\/v2\/product_tag?post=17851"}],"curies":[{"name":"wp","href":"https:\/\/api.w.org\/{rel}","templated":true}]}}