{"id":1784,"date":"2024-08-22T12:47:48","date_gmt":"2024-08-22T09:47:48","guid":{"rendered":"https:\/\/kervanmagazacilik.com\/?post_type=product&#038;p=1784"},"modified":"2024-08-22T12:47:48","modified_gmt":"2024-08-22T09:47:48","slug":"611pym000070","status":"publish","type":"product","link":"https:\/\/kervanmagazacilik.com\/index.php\/urun\/611pym000070\/","title":{"rendered":"611PYM000070"},"content":{"rendered":"<p>611PYM000070<\/p>\n<p>OLDWORLD \u00dc\u00c7L\u00dc KOLTUK CHESTER KAHVE<\/p>\n<p>100x250x95cm (SANTANA-11)<\/p>\n<p>SUN\u0130 DER\u0130<\/p>\n<p>SADECE KURU TEM\u0130ZLEME YAPILMALIDIR.<\/p>\n","protected":false},"excerpt":{"rendered":"<p>611PYM000070 OLDWORLD \u00dc\u00c7L\u00dc KOLTUK CHESTER KAHVE 100x250x95cm (SANTANA-11) SUN\u0130 DER\u0130 SADECE KURU TEM\u0130ZLEME YAPILMALIDIR.<\/p>\n","protected":false},"featured_media":1789,"template":"","meta":[],"product_brand":[],"product_cat":[73],"product_tag":[563],"class_list":{"0":"post-1784","1":"product","2":"type-product","3":"status-publish","4":"has-post-thumbnail","6":"product_cat-611pym","7":"product_tag-611pym000070","9":"first","10":"instock","11":"taxable","12":"shipping-taxable","13":"product-type-simple"},"_links":{"self":[{"href":"https:\/\/kervanmagazacilik.com\/index.php\/wp-json\/wp\/v2\/product\/1784","targetHints":{"allow":["GET"]}}],"collection":[{"href":"https:\/\/kervanmagazacilik.com\/index.php\/wp-json\/wp\/v2\/product"}],"about":[{"href":"https:\/\/kervanmagazacilik.com\/index.php\/wp-json\/wp\/v2\/types\/product"}],"wp:featuredmedia":[{"embeddable":true,"href":"https:\/\/kervanmagazacilik.com\/index.php\/wp-json\/wp\/v2\/media\/1789"}],"wp:attachment":[{"href":"https:\/\/kervanmagazacilik.com\/index.php\/wp-json\/wp\/v2\/media?parent=1784"}],"wp:term":[{"taxonomy":"product_brand","embeddable":true,"href":"https:\/\/kervanmagazacilik.com\/index.php\/wp-json\/wp\/v2\/product_brand?post=1784"},{"taxonomy":"product_cat","embeddable":true,"href":"https:\/\/kervanmagazacilik.com\/index.php\/wp-json\/wp\/v2\/product_cat?post=1784"},{"taxonomy":"product_tag","embeddable":true,"href":"https:\/\/kervanmagazacilik.com\/index.php\/wp-json\/wp\/v2\/product_tag?post=1784"}],"curies":[{"name":"wp","href":"https:\/\/api.w.org\/{rel}","templated":true}]}}