{"id":1777,"date":"2024-08-22T12:43:46","date_gmt":"2024-08-22T09:43:46","guid":{"rendered":"https:\/\/kervanmagazacilik.com\/?post_type=product&#038;p=1777"},"modified":"2024-08-22T12:43:46","modified_gmt":"2024-08-22T09:43:46","slug":"611pym000071","status":"publish","type":"product","link":"https:\/\/kervanmagazacilik.com\/index.php\/urun\/611pym000071\/","title":{"rendered":"611PYM000071"},"content":{"rendered":"<p>611PYM000071<\/p>\n<p>OLDWORLD \u00dc\u00c7L\u00dc KOLTUK KAHVE P\u00dcSK\u00dcLL\u00dc<\/p>\n<p>100x250x80cm<\/p>\n<p>%17 AKR\u0130L\u0130K-%37 PES-%46 V\u0130SCON<\/p>\n<p>COLUMBO PLAIN KINA-S\u0130YAH 3785-399<\/p>\n<p>SADECE KURU TEM\u0130ZLEME YAPILMALIDIR.<\/p>\n","protected":false},"excerpt":{"rendered":"<p>611PYM000071 OLDWORLD \u00dc\u00c7L\u00dc KOLTUK KAHVE P\u00dcSK\u00dcLL\u00dc 100x250x80cm %17 AKR\u0130L\u0130K-%37 PES-%46 V\u0130SCON COLUMBO PLAIN KINA-S\u0130YAH 3785-399 SADECE KURU TEM\u0130ZLEME YAPILMALIDIR.<\/p>\n","protected":false},"featured_media":1783,"template":"","meta":[],"product_brand":[],"product_cat":[73],"product_tag":[562],"class_list":{"0":"post-1777","1":"product","2":"type-product","3":"status-publish","4":"has-post-thumbnail","6":"product_cat-611pym","7":"product_tag-611pym000071","9":"first","10":"instock","11":"taxable","12":"shipping-taxable","13":"product-type-simple"},"_links":{"self":[{"href":"https:\/\/kervanmagazacilik.com\/index.php\/wp-json\/wp\/v2\/product\/1777","targetHints":{"allow":["GET"]}}],"collection":[{"href":"https:\/\/kervanmagazacilik.com\/index.php\/wp-json\/wp\/v2\/product"}],"about":[{"href":"https:\/\/kervanmagazacilik.com\/index.php\/wp-json\/wp\/v2\/types\/product"}],"wp:featuredmedia":[{"embeddable":true,"href":"https:\/\/kervanmagazacilik.com\/index.php\/wp-json\/wp\/v2\/media\/1783"}],"wp:attachment":[{"href":"https:\/\/kervanmagazacilik.com\/index.php\/wp-json\/wp\/v2\/media?parent=1777"}],"wp:term":[{"taxonomy":"product_brand","embeddable":true,"href":"https:\/\/kervanmagazacilik.com\/index.php\/wp-json\/wp\/v2\/product_brand?post=1777"},{"taxonomy":"product_cat","embeddable":true,"href":"https:\/\/kervanmagazacilik.com\/index.php\/wp-json\/wp\/v2\/product_cat?post=1777"},{"taxonomy":"product_tag","embeddable":true,"href":"https:\/\/kervanmagazacilik.com\/index.php\/wp-json\/wp\/v2\/product_tag?post=1777"}],"curies":[{"name":"wp","href":"https:\/\/api.w.org\/{rel}","templated":true}]}}