{"id":17738,"date":"2024-12-01T19:03:39","date_gmt":"2024-12-01T16:03:39","guid":{"rendered":"https:\/\/kervanmagazacilik.com\/?post_type=product&#038;p=17738"},"modified":"2024-12-13T15:30:12","modified_gmt":"2024-12-13T12:30:12","slug":"759arp000163","status":"publish","type":"product","link":"https:\/\/kervanmagazacilik.com\/index.php\/urun\/759arp000163\/","title":{"rendered":"759ARP000163"},"content":{"rendered":"<p>759ARP000163<\/p>\n<p>HYK803 SOPALI KUR\u015eUN ASKER \u015eAMDAN 16&#215;32 cm GOLD-KREM<\/p>\n<p>\u00d6l\u00e7\u00fcler +\/- 5 cm de\u011fi\u015fkenlik g\u00f6sterebilir<br \/>\nKURU BEZ \u0130LE TOZ ALINMALIDIR<\/p>\n","protected":false},"excerpt":{"rendered":"<p>759ARP000163 HYK803 SOPALI KUR\u015eUN ASKER \u015eAMDAN 16&#215;32 cm GOLD-KREM \u00d6l\u00e7\u00fcler +\/- 5 cm de\u011fi\u015fkenlik g\u00f6sterebilir KURU BEZ \u0130LE TOZ ALINMALIDIR<\/p>\n","protected":false},"featured_media":17739,"template":"","meta":[],"product_brand":[],"product_cat":[206],"product_tag":[4001],"class_list":{"0":"post-17738","1":"product","2":"type-product","3":"status-publish","4":"has-post-thumbnail","6":"product_cat-759arp","7":"product_tag-759arp000163","9":"first","10":"instock","11":"taxable","12":"shipping-taxable","13":"product-type-simple"},"_links":{"self":[{"href":"https:\/\/kervanmagazacilik.com\/index.php\/wp-json\/wp\/v2\/product\/17738","targetHints":{"allow":["GET"]}}],"collection":[{"href":"https:\/\/kervanmagazacilik.com\/index.php\/wp-json\/wp\/v2\/product"}],"about":[{"href":"https:\/\/kervanmagazacilik.com\/index.php\/wp-json\/wp\/v2\/types\/product"}],"wp:featuredmedia":[{"embeddable":true,"href":"https:\/\/kervanmagazacilik.com\/index.php\/wp-json\/wp\/v2\/media\/17739"}],"wp:attachment":[{"href":"https:\/\/kervanmagazacilik.com\/index.php\/wp-json\/wp\/v2\/media?parent=17738"}],"wp:term":[{"taxonomy":"product_brand","embeddable":true,"href":"https:\/\/kervanmagazacilik.com\/index.php\/wp-json\/wp\/v2\/product_brand?post=17738"},{"taxonomy":"product_cat","embeddable":true,"href":"https:\/\/kervanmagazacilik.com\/index.php\/wp-json\/wp\/v2\/product_cat?post=17738"},{"taxonomy":"product_tag","embeddable":true,"href":"https:\/\/kervanmagazacilik.com\/index.php\/wp-json\/wp\/v2\/product_tag?post=17738"}],"curies":[{"name":"wp","href":"https:\/\/api.w.org\/{rel}","templated":true}]}}