{"id":17732,"date":"2024-12-01T18:58:13","date_gmt":"2024-12-01T15:58:13","guid":{"rendered":"https:\/\/kervanmagazacilik.com\/?post_type=product&#038;p=17732"},"modified":"2024-12-01T18:58:41","modified_gmt":"2024-12-01T15:58:41","slug":"759arp000093","status":"publish","type":"product","link":"https:\/\/kervanmagazacilik.com\/index.php\/urun\/759arp000093\/","title":{"rendered":"759ARP000093"},"content":{"rendered":"<p>759ARP000093<\/p>\n<p>TEPS\u0130L\u0130 DEV TAV\u015eAN S\u0130YAH-KREM 50x124cm HYK957<\/p>\n<p>MALZEME: POLYESTER<\/p>\n<p>\u00d6l\u00e7\u00fcler +\/- 5 cm de\u011fi\u015fkenlik g\u00f6sterebilir<\/p>\n<p>KURU BEZ \u0130LE TOZ ALINMALIDIR<\/p>\n","protected":false},"excerpt":{"rendered":"<p>759ARP000093 TEPS\u0130L\u0130 DEV TAV\u015eAN S\u0130YAH-KREM 50x124cm HYK957 MALZEME: POLYESTER \u00d6l\u00e7\u00fcler +\/- 5 cm de\u011fi\u015fkenlik g\u00f6sterebilir KURU BEZ \u0130LE TOZ ALINMALIDIR<\/p>\n","protected":false},"featured_media":17733,"template":"","meta":[],"product_brand":[],"product_cat":[206],"product_tag":[4000],"class_list":{"0":"post-17732","1":"product","2":"type-product","3":"status-publish","4":"has-post-thumbnail","6":"product_cat-759arp","7":"product_tag-759arp000093","9":"first","10":"instock","11":"taxable","12":"shipping-taxable","13":"product-type-simple"},"_links":{"self":[{"href":"https:\/\/kervanmagazacilik.com\/index.php\/wp-json\/wp\/v2\/product\/17732","targetHints":{"allow":["GET"]}}],"collection":[{"href":"https:\/\/kervanmagazacilik.com\/index.php\/wp-json\/wp\/v2\/product"}],"about":[{"href":"https:\/\/kervanmagazacilik.com\/index.php\/wp-json\/wp\/v2\/types\/product"}],"wp:featuredmedia":[{"embeddable":true,"href":"https:\/\/kervanmagazacilik.com\/index.php\/wp-json\/wp\/v2\/media\/17733"}],"wp:attachment":[{"href":"https:\/\/kervanmagazacilik.com\/index.php\/wp-json\/wp\/v2\/media?parent=17732"}],"wp:term":[{"taxonomy":"product_brand","embeddable":true,"href":"https:\/\/kervanmagazacilik.com\/index.php\/wp-json\/wp\/v2\/product_brand?post=17732"},{"taxonomy":"product_cat","embeddable":true,"href":"https:\/\/kervanmagazacilik.com\/index.php\/wp-json\/wp\/v2\/product_cat?post=17732"},{"taxonomy":"product_tag","embeddable":true,"href":"https:\/\/kervanmagazacilik.com\/index.php\/wp-json\/wp\/v2\/product_tag?post=17732"}],"curies":[{"name":"wp","href":"https:\/\/api.w.org\/{rel}","templated":true}]}}